{"id":518,"date":"2021-05-02T13:23:47","date_gmt":"2021-05-02T13:23:47","guid":{"rendered":"https:\/\/angela-labus.de\/?page_id=518"},"modified":"2024-08-07T19:59:22","modified_gmt":"2024-08-07T19:59:22","slug":"spiritualitaet","status":"publish","type":"page","link":"https:\/\/angela-labus.de\/index.php\/spiritualitaet\/","title":{"rendered":"Spiritualit\u00e4t"},"content":{"rendered":"\n<p>Die Verbindung von Psychotherapie und Spiritualit\u00e4t (transpersonale Psychologie) ist mir ein Herzensanliegen.<br><br>Spiritualit\u00e4t bedeutet f\u00fcr mich die R\u00fcckbindung und -besinnung auf unseren Ursprung, eine Quelle, eine h\u00f6here Macht, das heilige Leben, \u2026, einen gr\u00f6\u00dferen Zusammenhang, der mich h\u00e4lt und tr\u00e4gt.<br><br>Durch das Erschlie\u00dfen unserer eigenen, individuellen spirituellen Ressource erhalten wir Zugang zu der wesentlichen Kraftquelle des Menschseins. Sie h\u00e4lt Widerstandskraft gegen jegliche Anfechtung und die Grundlage f\u00fcr die Verschmerzung seelischer Verletzungen bereit und f\u00f6rdert die Sinnfindung im Leben.<br><br>In jedem Menschen ist das Streben nach Entwicklung des Bewusstseins hin zu Wahrheit, Frieden, Freiheit, Freude, Sch\u00f6nheit, Sinn und Liebe tief im Selbst verankert.<br><br>Ich unterst\u00fctze Sie gerne bei Ihrer Bewusstwerdung, dem Wiederentdecken und praktischen Anwenden Ihrer Spiritualit\u00e4t, Ihrer Selbsterkenntnis.<\/p>\n\n\n\n<p>Falls Sie sich bereits auf einem spirituellen Weg befinden, werden Ihnen irgendwann im Rahmen Ihrer spirituellen Praxis zunehmend innere Stolpersteine bewusst. Sie sto\u00dfen an Grenzen der freien Bewusstseinserforschung. Innere Konflikte, Widerst\u00e4nde, Kontraktionen, \u00c4ngste fordern Aufmerksamkeit und Erl\u00f6sung anstatt konsequente Nichtbeachtung und Verleugnung. Spiritualit\u00e4t ist nicht die Flucht in einen spannungslosen abgehobenen Zustand, wo mich nichts mehr ber\u00fchrt. Sondern die wahrhaftige bewusste Begegnung mit allem was ist. Ich kann die Wahrheit nicht unter Ausklammerung von eigenen ungel\u00f6sten psychischen Konflikten finden. Oft ist vor\u00fcbergehend fachliche therapeutische Begleitung notwendig, um auf dem spirituellen Pfad der Wahrheit und Befreiung wieder voranzukommen.<\/p>\n\n\n\n<p><br><br><\/p>\n","protected":false},"excerpt":{"rendered":"<p>Die Verbindung von Psychotherapie und Spiritualit\u00e4t (transpersonale Psychologie) ist mir ein Herzensanliegen. Spiritualit\u00e4t bedeutet f\u00fcr mich die R\u00fcckbindung und -besinnung auf unseren Ursprung, eine Quelle, eine h\u00f6here Macht, das heilige Leben, \u2026, einen gr\u00f6\u00dferen Zusammenhang, der mich h\u00e4lt und tr\u00e4gt. Durch das Erschlie\u00dfen unserer eigenen, individuellen spirituellen Ressource erhalten wir Zugang zu der wesentlichen Kraftquelle &hellip; <\/p>\n","protected":false},"author":1,"featured_media":0,"parent":0,"menu_order":0,"comment_status":"closed","ping_status":"closed","template":"","meta":{"footnotes":""},"class_list":["post-518","page","type-page","status-publish","hentry"],"yoast_head":"<!-- This site is optimized with the Yoast SEO plugin v16.9 - https:\/\/yoast.com\/wordpress\/plugins\/seo\/ -->\n<title>Spiritualit\u00e4t - Angela Labus<\/title>\n<meta name=\"description\" content=\"Onlinepsychologin, Therapie Online, per Video, Paartherapie, Klopftechniken, MET, TRE\" \/>\n<meta name=\"robots\" content=\"index, follow, max-snippet:-1, max-image-preview:large, max-video-preview:-1\" \/>\n<link rel=\"canonical\" href=\"https:\/\/angela-labus.de\/index.php\/spiritualitaet\/\" \/>\n<meta property=\"og:locale\" content=\"de_DE\" \/>\n<meta property=\"og:type\" content=\"article\" \/>\n<meta property=\"og:title\" content=\"Spiritualit\u00e4t - Angela Labus\" \/>\n<meta property=\"og:description\" content=\"Onlinepsychologin, Therapie Online, per Video, Paartherapie, Klopftechniken, MET, TRE\" \/>\n<meta property=\"og:url\" content=\"https:\/\/angela-labus.de\/index.php\/spiritualitaet\/\" \/>\n<meta property=\"og:site_name\" content=\"Angela Labus\" \/>\n<meta property=\"article:modified_time\" content=\"2024-08-07T19:59:22+00:00\" \/>\n<meta name=\"twitter:card\" content=\"summary_large_image\" \/>\n<meta name=\"twitter:label1\" content=\"Gesch\u00e4tzte Lesezeit\" \/>\n\t<meta name=\"twitter:data1\" content=\"1\u00a0Minute\" \/>\n<script type=\"application\/ld+json\" class=\"yoast-schema-graph\">{\"@context\":\"https:\/\/schema.org\",\"@graph\":[{\"@type\":[\"Person\",\"Organization\"],\"@id\":\"https:\/\/angela-labus.de\/#\/schema\/person\/91e65647448f60508914a21cd7da6cb0\",\"name\":\"admin\",\"image\":{\"@type\":\"ImageObject\",\"@id\":\"https:\/\/angela-labus.de\/#personlogo\",\"inLanguage\":\"de\",\"url\":\"https:\/\/angela-labus.de\/wp-content\/uploads\/2021\/05\/portrait.jpg\",\"contentUrl\":\"https:\/\/angela-labus.de\/wp-content\/uploads\/2021\/05\/portrait.jpg\",\"width\":1560,\"height\":2040,\"caption\":\"admin\"},\"logo\":{\"@id\":\"https:\/\/angela-labus.de\/#personlogo\"},\"sameAs\":[\"https:\/\/angela-labus.de\"]},{\"@type\":\"WebSite\",\"@id\":\"https:\/\/angela-labus.de\/#website\",\"url\":\"https:\/\/angela-labus.de\/\",\"name\":\"Angela Labus\",\"description\":\"Diplom-Psychologin Heilpraktikerin(Psychotherapie) Onlinepsychologin(per Video)\",\"publisher\":{\"@id\":\"https:\/\/angela-labus.de\/#\/schema\/person\/91e65647448f60508914a21cd7da6cb0\"},\"potentialAction\":[{\"@type\":\"SearchAction\",\"target\":{\"@type\":\"EntryPoint\",\"urlTemplate\":\"https:\/\/angela-labus.de\/?s={search_term_string}\"},\"query-input\":\"required name=search_term_string\"}],\"inLanguage\":\"de\"},{\"@type\":\"WebPage\",\"@id\":\"https:\/\/angela-labus.de\/index.php\/spiritualitaet\/#webpage\",\"url\":\"https:\/\/angela-labus.de\/index.php\/spiritualitaet\/\",\"name\":\"Spiritualit\\u00e4t - Angela Labus\",\"isPartOf\":{\"@id\":\"https:\/\/angela-labus.de\/#website\"},\"datePublished\":\"2021-05-02T13:23:47+00:00\",\"dateModified\":\"2024-08-07T19:59:22+00:00\",\"description\":\"Onlinepsychologin, Therapie Online, per Video, Paartherapie, Klopftechniken, MET, TRE\",\"breadcrumb\":{\"@id\":\"https:\/\/angela-labus.de\/index.php\/spiritualitaet\/#breadcrumb\"},\"inLanguage\":\"de\",\"potentialAction\":[{\"@type\":\"ReadAction\",\"target\":[\"https:\/\/angela-labus.de\/index.php\/spiritualitaet\/\"]}]},{\"@type\":\"BreadcrumbList\",\"@id\":\"https:\/\/angela-labus.de\/index.php\/spiritualitaet\/#breadcrumb\",\"itemListElement\":[{\"@type\":\"ListItem\",\"position\":1,\"name\":\"Startseite\",\"item\":\"https:\/\/angela-labus.de\/\"},{\"@type\":\"ListItem\",\"position\":2,\"name\":\"Spiritualit\\u00e4t\"}]}]}<\/script>\n<!-- \/ Yoast SEO plugin. -->","yoast_head_json":{"title":"Spiritualit\u00e4t - Angela Labus","description":"Onlinepsychologin, Therapie Online, per Video, Paartherapie, Klopftechniken, MET, TRE","robots":{"index":"index","follow":"follow","max-snippet":"max-snippet:-1","max-image-preview":"max-image-preview:large","max-video-preview":"max-video-preview:-1"},"canonical":"https:\/\/angela-labus.de\/index.php\/spiritualitaet\/","og_locale":"de_DE","og_type":"article","og_title":"Spiritualit\u00e4t - Angela Labus","og_description":"Onlinepsychologin, Therapie Online, per Video, Paartherapie, Klopftechniken, MET, TRE","og_url":"https:\/\/angela-labus.de\/index.php\/spiritualitaet\/","og_site_name":"Angela Labus","article_modified_time":"2024-08-07T19:59:22+00:00","twitter_card":"summary_large_image","twitter_misc":{"Gesch\u00e4tzte Lesezeit":"1\u00a0Minute"},"schema":{"@context":"https:\/\/schema.org","@graph":[{"@type":["Person","Organization"],"@id":"https:\/\/angela-labus.de\/#\/schema\/person\/91e65647448f60508914a21cd7da6cb0","name":"admin","image":{"@type":"ImageObject","@id":"https:\/\/angela-labus.de\/#personlogo","inLanguage":"de","url":"https:\/\/angela-labus.de\/wp-content\/uploads\/2021\/05\/portrait.jpg","contentUrl":"https:\/\/angela-labus.de\/wp-content\/uploads\/2021\/05\/portrait.jpg","width":1560,"height":2040,"caption":"admin"},"logo":{"@id":"https:\/\/angela-labus.de\/#personlogo"},"sameAs":["https:\/\/angela-labus.de"]},{"@type":"WebSite","@id":"https:\/\/angela-labus.de\/#website","url":"https:\/\/angela-labus.de\/","name":"Angela Labus","description":"Diplom-Psychologin Heilpraktikerin(Psychotherapie) Onlinepsychologin(per Video)","publisher":{"@id":"https:\/\/angela-labus.de\/#\/schema\/person\/91e65647448f60508914a21cd7da6cb0"},"potentialAction":[{"@type":"SearchAction","target":{"@type":"EntryPoint","urlTemplate":"https:\/\/angela-labus.de\/?s={search_term_string}"},"query-input":"required name=search_term_string"}],"inLanguage":"de"},{"@type":"WebPage","@id":"https:\/\/angela-labus.de\/index.php\/spiritualitaet\/#webpage","url":"https:\/\/angela-labus.de\/index.php\/spiritualitaet\/","name":"Spiritualit\u00e4t - Angela Labus","isPartOf":{"@id":"https:\/\/angela-labus.de\/#website"},"datePublished":"2021-05-02T13:23:47+00:00","dateModified":"2024-08-07T19:59:22+00:00","description":"Onlinepsychologin, Therapie Online, per Video, Paartherapie, Klopftechniken, MET, TRE","breadcrumb":{"@id":"https:\/\/angela-labus.de\/index.php\/spiritualitaet\/#breadcrumb"},"inLanguage":"de","potentialAction":[{"@type":"ReadAction","target":["https:\/\/angela-labus.de\/index.php\/spiritualitaet\/"]}]},{"@type":"BreadcrumbList","@id":"https:\/\/angela-labus.de\/index.php\/spiritualitaet\/#breadcrumb","itemListElement":[{"@type":"ListItem","position":1,"name":"Startseite","item":"https:\/\/angela-labus.de\/"},{"@type":"ListItem","position":2,"name":"Spiritualit\u00e4t"}]}]}},"_links":{"self":[{"href":"https:\/\/angela-labus.de\/index.php\/wp-json\/wp\/v2\/pages\/518","targetHints":{"allow":["GET"]}}],"collection":[{"href":"https:\/\/angela-labus.de\/index.php\/wp-json\/wp\/v2\/pages"}],"about":[{"href":"https:\/\/angela-labus.de\/index.php\/wp-json\/wp\/v2\/types\/page"}],"author":[{"embeddable":true,"href":"https:\/\/angela-labus.de\/index.php\/wp-json\/wp\/v2\/users\/1"}],"replies":[{"embeddable":true,"href":"https:\/\/angela-labus.de\/index.php\/wp-json\/wp\/v2\/comments?post=518"}],"version-history":[{"count":4,"href":"https:\/\/angela-labus.de\/index.php\/wp-json\/wp\/v2\/pages\/518\/revisions"}],"predecessor-version":[{"id":3299,"href":"https:\/\/angela-labus.de\/index.php\/wp-json\/wp\/v2\/pages\/518\/revisions\/3299"}],"wp:attachment":[{"href":"https:\/\/angela-labus.de\/index.php\/wp-json\/wp\/v2\/media?parent=518"}],"curies":[{"name":"wp","href":"https:\/\/api.w.org\/{rel}","templated":true}]}}