{"id":510,"date":"2021-05-02T13:19:24","date_gmt":"2021-05-02T13:19:24","guid":{"rendered":"https:\/\/angela-labus.de\/?page_id=510"},"modified":"2023-07-31T20:20:57","modified_gmt":"2023-07-31T20:20:57","slug":"tension-trauma-releasing-exercises-tre","status":"publish","type":"page","link":"https:\/\/angela-labus.de\/index.php\/tension-trauma-releasing-exercises-tre\/","title":{"rendered":"Tension &#038; Trauma Releasing Exercises (TRE\u00ae)"},"content":{"rendered":"\n<p>Die Forschung aus Neurobiologie und Psychologie hat ergeben, dass jede traumatische Erfahrung, ob k\u00f6rperlich oder geistig-psychisch, den K\u00f6rper betrifft. Sie wird dort als tiefe Verspannung, Erstarrung, Erregung gespeichert und durch k\u00f6rperliche Prozesse aufrecht erhalten und l\u00f6st intensive Emotionen aus.<br>Deshalb ist die Einbeziehung des K\u00f6rpers bei der heilsamen Behandlung von Traumatisierungen in der Psychotherapie unabdingbar.<br><br>Trauma kann jedem Menschen zusto\u00dfen. Jeder menschliche K\u00f6rper (ebenso bei allen anderen S\u00e4ugetieren) ist auch mit der M\u00f6glichkeit ausgestattet, dieses Ereignis zu verarbeiten, vom Schock zu genesen, zu entladen und loszulassen.<br><br>Mit der K\u00f6rper-\u00dcbungsserie des TRE\u00ae nach David Berceli aus dem Bereich der Bioenergetik werden l\u00f6sende autonome Bewegungen, der sogenannte neurogene Tremor, provoziert. Dieses Zittern und Vibrieren f\u00fchrt zur Entladung der traumatischen Spannung.<br><br>TRE\u00ae st\u00e4rkt die k\u00f6rperlich-seelische Schwingungs- und Entladungsf\u00e4higkeit und ist geeignet zur Vorbeugung gegen die negativen Folgen von Stress, starker k\u00f6rperlich-seelischer Belastung und Schocks. Ebenso ist TRE\u00ae ein hervorragender Begleiter und Stabilisator f\u00fcr die Traumatherapie.<br><br>Diese Technik ist leicht erlernbar, meistens in zwei bis drei Sitzungen, und ein bew\u00e4hrtes Selbsthilfeinstrument. Sie kann als regelm\u00e4\u00dfige \u00dcbung in den h\u00e4uslichen Alltag integriert werden.<br><br>Ich unterweise Sie gerne in dieser \u00dcbungsserie hier in einem sicheren Rahmen im PraxisHaus, um die wohltuende Entfaltung dieses in Ihrem K\u00f6rper wohnenden Potentials m\u00f6glich zu machen.<br>Dazu brauchen Sie nur bequeme Kleidung und ein eigenes Badehandtuch f\u00fcr die Matte, die in der Praxis zur Verf\u00fcgung steht.<br><br><\/p>\n","protected":false},"excerpt":{"rendered":"<p>Die Forschung aus Neurobiologie und Psychologie hat ergeben, dass jede traumatische Erfahrung, ob k\u00f6rperlich oder geistig-psychisch, den K\u00f6rper betrifft. Sie wird dort als tiefe Verspannung, Erstarrung, Erregung gespeichert und durch k\u00f6rperliche Prozesse aufrecht erhalten und l\u00f6st intensive Emotionen aus.Deshalb ist die Einbeziehung des K\u00f6rpers bei der heilsamen Behandlung von Traumatisierungen in der Psychotherapie unabdingbar. Trauma &hellip; <\/p>\n","protected":false},"author":1,"featured_media":0,"parent":0,"menu_order":0,"comment_status":"closed","ping_status":"closed","template":"","meta":{"footnotes":""},"class_list":["post-510","page","type-page","status-publish","hentry"],"yoast_head":"<!-- This site is optimized with the Yoast SEO plugin v16.9 - https:\/\/yoast.com\/wordpress\/plugins\/seo\/ -->\n<title>Tension &amp; Trauma Releasing Exercises (TRE\u00ae) - Angela Labus<\/title>\n<meta name=\"description\" content=\"Onlinepsychologin, Therapie Online, per Video, Paartherapie, Klopftechniken, MET, TRE\" \/>\n<meta name=\"robots\" content=\"index, follow, max-snippet:-1, max-image-preview:large, max-video-preview:-1\" \/>\n<link rel=\"canonical\" href=\"https:\/\/angela-labus.de\/index.php\/tension-trauma-releasing-exercises-tre\/\" \/>\n<meta property=\"og:locale\" content=\"de_DE\" \/>\n<meta property=\"og:type\" content=\"article\" \/>\n<meta property=\"og:title\" content=\"Tension &amp; Trauma Releasing Exercises (TRE\u00ae) - Angela Labus\" \/>\n<meta property=\"og:description\" content=\"Onlinepsychologin, Therapie Online, per Video, Paartherapie, Klopftechniken, MET, TRE\" \/>\n<meta property=\"og:url\" content=\"https:\/\/angela-labus.de\/index.php\/tension-trauma-releasing-exercises-tre\/\" \/>\n<meta property=\"og:site_name\" content=\"Angela Labus\" \/>\n<meta property=\"article:modified_time\" content=\"2023-07-31T20:20:57+00:00\" \/>\n<meta name=\"twitter:card\" content=\"summary_large_image\" \/>\n<meta name=\"twitter:label1\" content=\"Gesch\u00e4tzte Lesezeit\" \/>\n\t<meta name=\"twitter:data1\" content=\"1\u00a0Minute\" \/>\n<script type=\"application\/ld+json\" class=\"yoast-schema-graph\">{\"@context\":\"https:\/\/schema.org\",\"@graph\":[{\"@type\":[\"Person\",\"Organization\"],\"@id\":\"https:\/\/angela-labus.de\/#\/schema\/person\/91e65647448f60508914a21cd7da6cb0\",\"name\":\"admin\",\"image\":{\"@type\":\"ImageObject\",\"@id\":\"https:\/\/angela-labus.de\/#personlogo\",\"inLanguage\":\"de\",\"url\":\"https:\/\/angela-labus.de\/wp-content\/uploads\/2021\/05\/portrait.jpg\",\"contentUrl\":\"https:\/\/angela-labus.de\/wp-content\/uploads\/2021\/05\/portrait.jpg\",\"width\":1560,\"height\":2040,\"caption\":\"admin\"},\"logo\":{\"@id\":\"https:\/\/angela-labus.de\/#personlogo\"},\"sameAs\":[\"https:\/\/angela-labus.de\"]},{\"@type\":\"WebSite\",\"@id\":\"https:\/\/angela-labus.de\/#website\",\"url\":\"https:\/\/angela-labus.de\/\",\"name\":\"Angela Labus\",\"description\":\"Diplom-Psychologin Heilpraktikerin(Psychotherapie) Onlinepsychologin(per Video)\",\"publisher\":{\"@id\":\"https:\/\/angela-labus.de\/#\/schema\/person\/91e65647448f60508914a21cd7da6cb0\"},\"potentialAction\":[{\"@type\":\"SearchAction\",\"target\":{\"@type\":\"EntryPoint\",\"urlTemplate\":\"https:\/\/angela-labus.de\/?s={search_term_string}\"},\"query-input\":\"required name=search_term_string\"}],\"inLanguage\":\"de\"},{\"@type\":\"WebPage\",\"@id\":\"https:\/\/angela-labus.de\/index.php\/tension-trauma-releasing-exercises-tre\/#webpage\",\"url\":\"https:\/\/angela-labus.de\/index.php\/tension-trauma-releasing-exercises-tre\/\",\"name\":\"Tension & Trauma Releasing Exercises (TRE\\u00ae) - Angela Labus\",\"isPartOf\":{\"@id\":\"https:\/\/angela-labus.de\/#website\"},\"datePublished\":\"2021-05-02T13:19:24+00:00\",\"dateModified\":\"2023-07-31T20:20:57+00:00\",\"description\":\"Onlinepsychologin, Therapie Online, per Video, Paartherapie, Klopftechniken, MET, TRE\",\"breadcrumb\":{\"@id\":\"https:\/\/angela-labus.de\/index.php\/tension-trauma-releasing-exercises-tre\/#breadcrumb\"},\"inLanguage\":\"de\",\"potentialAction\":[{\"@type\":\"ReadAction\",\"target\":[\"https:\/\/angela-labus.de\/index.php\/tension-trauma-releasing-exercises-tre\/\"]}]},{\"@type\":\"BreadcrumbList\",\"@id\":\"https:\/\/angela-labus.de\/index.php\/tension-trauma-releasing-exercises-tre\/#breadcrumb\",\"itemListElement\":[{\"@type\":\"ListItem\",\"position\":1,\"name\":\"Startseite\",\"item\":\"https:\/\/angela-labus.de\/\"},{\"@type\":\"ListItem\",\"position\":2,\"name\":\"Tension &#038; Trauma Releasing Exercises (TRE\\u00ae)\"}]}]}<\/script>\n<!-- \/ Yoast SEO plugin. -->","yoast_head_json":{"title":"Tension & Trauma Releasing Exercises (TRE\u00ae) - Angela Labus","description":"Onlinepsychologin, Therapie Online, per Video, Paartherapie, Klopftechniken, MET, TRE","robots":{"index":"index","follow":"follow","max-snippet":"max-snippet:-1","max-image-preview":"max-image-preview:large","max-video-preview":"max-video-preview:-1"},"canonical":"https:\/\/angela-labus.de\/index.php\/tension-trauma-releasing-exercises-tre\/","og_locale":"de_DE","og_type":"article","og_title":"Tension & Trauma Releasing Exercises (TRE\u00ae) - Angela Labus","og_description":"Onlinepsychologin, Therapie Online, per Video, Paartherapie, Klopftechniken, MET, TRE","og_url":"https:\/\/angela-labus.de\/index.php\/tension-trauma-releasing-exercises-tre\/","og_site_name":"Angela Labus","article_modified_time":"2023-07-31T20:20:57+00:00","twitter_card":"summary_large_image","twitter_misc":{"Gesch\u00e4tzte Lesezeit":"1\u00a0Minute"},"schema":{"@context":"https:\/\/schema.org","@graph":[{"@type":["Person","Organization"],"@id":"https:\/\/angela-labus.de\/#\/schema\/person\/91e65647448f60508914a21cd7da6cb0","name":"admin","image":{"@type":"ImageObject","@id":"https:\/\/angela-labus.de\/#personlogo","inLanguage":"de","url":"https:\/\/angela-labus.de\/wp-content\/uploads\/2021\/05\/portrait.jpg","contentUrl":"https:\/\/angela-labus.de\/wp-content\/uploads\/2021\/05\/portrait.jpg","width":1560,"height":2040,"caption":"admin"},"logo":{"@id":"https:\/\/angela-labus.de\/#personlogo"},"sameAs":["https:\/\/angela-labus.de"]},{"@type":"WebSite","@id":"https:\/\/angela-labus.de\/#website","url":"https:\/\/angela-labus.de\/","name":"Angela Labus","description":"Diplom-Psychologin Heilpraktikerin(Psychotherapie) Onlinepsychologin(per Video)","publisher":{"@id":"https:\/\/angela-labus.de\/#\/schema\/person\/91e65647448f60508914a21cd7da6cb0"},"potentialAction":[{"@type":"SearchAction","target":{"@type":"EntryPoint","urlTemplate":"https:\/\/angela-labus.de\/?s={search_term_string}"},"query-input":"required name=search_term_string"}],"inLanguage":"de"},{"@type":"WebPage","@id":"https:\/\/angela-labus.de\/index.php\/tension-trauma-releasing-exercises-tre\/#webpage","url":"https:\/\/angela-labus.de\/index.php\/tension-trauma-releasing-exercises-tre\/","name":"Tension & Trauma Releasing Exercises (TRE\u00ae) - Angela Labus","isPartOf":{"@id":"https:\/\/angela-labus.de\/#website"},"datePublished":"2021-05-02T13:19:24+00:00","dateModified":"2023-07-31T20:20:57+00:00","description":"Onlinepsychologin, Therapie Online, per Video, Paartherapie, Klopftechniken, MET, TRE","breadcrumb":{"@id":"https:\/\/angela-labus.de\/index.php\/tension-trauma-releasing-exercises-tre\/#breadcrumb"},"inLanguage":"de","potentialAction":[{"@type":"ReadAction","target":["https:\/\/angela-labus.de\/index.php\/tension-trauma-releasing-exercises-tre\/"]}]},{"@type":"BreadcrumbList","@id":"https:\/\/angela-labus.de\/index.php\/tension-trauma-releasing-exercises-tre\/#breadcrumb","itemListElement":[{"@type":"ListItem","position":1,"name":"Startseite","item":"https:\/\/angela-labus.de\/"},{"@type":"ListItem","position":2,"name":"Tension &#038; Trauma Releasing Exercises (TRE\u00ae)"}]}]}},"_links":{"self":[{"href":"https:\/\/angela-labus.de\/index.php\/wp-json\/wp\/v2\/pages\/510","targetHints":{"allow":["GET"]}}],"collection":[{"href":"https:\/\/angela-labus.de\/index.php\/wp-json\/wp\/v2\/pages"}],"about":[{"href":"https:\/\/angela-labus.de\/index.php\/wp-json\/wp\/v2\/types\/page"}],"author":[{"embeddable":true,"href":"https:\/\/angela-labus.de\/index.php\/wp-json\/wp\/v2\/users\/1"}],"replies":[{"embeddable":true,"href":"https:\/\/angela-labus.de\/index.php\/wp-json\/wp\/v2\/comments?post=510"}],"version-history":[{"count":4,"href":"https:\/\/angela-labus.de\/index.php\/wp-json\/wp\/v2\/pages\/510\/revisions"}],"predecessor-version":[{"id":3263,"href":"https:\/\/angela-labus.de\/index.php\/wp-json\/wp\/v2\/pages\/510\/revisions\/3263"}],"wp:attachment":[{"href":"https:\/\/angela-labus.de\/index.php\/wp-json\/wp\/v2\/media?parent=510"}],"curies":[{"name":"wp","href":"https:\/\/api.w.org\/{rel}","templated":true}]}}