{"id":406,"date":"2021-04-19T12:13:21","date_gmt":"2021-04-19T10:13:21","guid":{"rendered":"https:\/\/spielspass88.wordpress.com\/?page_id=406"},"modified":"2021-09-28T20:02:54","modified_gmt":"2021-09-28T20:02:54","slug":"eltern-sein","status":"publish","type":"page","link":"https:\/\/angela-labus.de\/index.php\/eltern-sein\/","title":{"rendered":"ElternSein"},"content":{"rendered":"\n<figure class=\"wp-block-image size-large is-resized\"><img loading=\"lazy\" decoding=\"async\" src=\"https:\/\/angela-labus.de\/wp-content\/uploads\/2021\/05\/family-2485714_1920-e1621380568917-700x368.jpg\" alt=\"\" class=\"wp-image-665\" width=\"1293\" height=\"680\" srcset=\"https:\/\/angela-labus.de\/wp-content\/uploads\/2021\/05\/family-2485714_1920-e1621380568917-700x368.jpg 700w, https:\/\/angela-labus.de\/wp-content\/uploads\/2021\/05\/family-2485714_1920-e1621380568917-300x158.jpg 300w, https:\/\/angela-labus.de\/wp-content\/uploads\/2021\/05\/family-2485714_1920-e1621380568917-768x403.jpg 768w, https:\/\/angela-labus.de\/wp-content\/uploads\/2021\/05\/family-2485714_1920-e1621380568917-114x60.jpg 114w, https:\/\/angela-labus.de\/wp-content\/uploads\/2021\/05\/family-2485714_1920-e1621380568917.jpg 1920w\" sizes=\"auto, (max-width: 1293px) 100vw, 1293px\" \/><\/figure>\n\n\n\n<div class=\"wp-block-columns are-vertically-aligned-center is-layout-flex wp-container-core-columns-is-layout-9d6595d7 wp-block-columns-is-layout-flex\">\n<div class=\"wp-block-column is-vertically-aligned-center is-layout-flow wp-block-column-is-layout-flow\" style=\"flex-basis:100%\">\n<h2 class=\"wp-block-heading\">Sie finden bei mir Antworten und Anleitung zu folgenden Themen:<\/h2>\n\n\n\n<ul class=\"bullets listeklein wp-block-list\"><li>Elternschaft ab der Schwangerschaft<\/li><li>Unterst\u00fctzung bei der Erziehung mit Herz und Verstand:<\/li><li>Respekt und Achtsamkeit f\u00fcr das Kind, Offenheit und aufrichtiges Interesse: Was dr\u00e4ngt aus der originellen Individualit\u00e4t des Kindes heraus in die Entwicklung f\u00fcr sein Leben?, Bereitschaft, mit glaubw\u00fcrdiger Autorit\u00e4t zu f\u00fchren, sich ber\u00fchren lassen, das Kind verstehen und so schlie\u00dflich Bindung herstellen <\/li><li>Welche Bed\u00fcrfnisse haben Kinder?<\/li><li>Bindungsaufbau im ersten Lebensjahr<\/li><li>Vom Paar zur Familie: pl\u00f6tzlich zu dritt!<\/li><li>Unterschiedliche Erziehungshaltungen vereinbaren<\/li><li>Ordnung in einer Familie<\/li><li>Fr\u00fcherziehungsberatung<\/li><li>Wenn die Schule in das Leben der Familie tritt<\/li><li>Pubert\u00e4t: Weg in die Selbst\u00e4ndigkeit und Eigenverantwortung<\/li><li>Erwachsene Kinder<\/li><li>Entwicklungsst\u00f6rungen (Essst\u00f6rungen, Schlafst\u00f6rungen, ADHS, ADS, \u00c4ngste, gewaltt\u00e4tiges und antisoziales Verhalten, Verweigern der Kooperationsbereitschaft, Schulprobleme, Abkapseln&#8230;) <\/li><li>Trennung der Eltern<\/li><li>Alleinerziehend<\/li><li>Patchworkfamilien<br><\/li><\/ul>\n\n\n\n<p>Kinder sind Entwicklungshelfer aus Liebe: Sie sind wie Schw\u00e4mme f\u00fcr die ungel\u00f6sten, verborgenen Themen der Eltern. Deshalb ist es so dringend erforderlich und unmittelbar wirksam, dass die Eltern die &#8220;Symptome&#8221; des Kindes als R\u00fcckmeldung verstehen, um ihre eigenen unerledigten Themen emotional aufzuarbeiten, und dass sie nicht nur nach der passenden Korrektur f\u00fcr das kindliche Verhalten suchen. Kinder bringen Leben und Bewegung in alle Bereiche, auch in die unterbelichteten!<br><\/p>\n\n\n\n<h2 class=\"wp-block-heading\">Mein Tipp:<\/h2>\n\n\n\n<p>Ergeben Sie sich freiwillig diesem wertvollen Entwicklungsimpuls und sagen Sie Ja zur st\u00e4ndigen Herausforderung. Es lohnt sich!<br><br>Warten Sie nicht ab, wenn Sie unsicher sind und Unterst\u00fctzung brauchen. Vertun Sie nicht die wichtige Entwicklungszeit Ihrer Kinder.<br>Ihre Kinder brauchen Ihre Sicherheit, Klarheit und Ihre Bereitschaft, sich ehrlich Ihrer Eigenverantwortung und emotionalen Altlasten zu stellen.<br><br><\/p>\n\n\n\n<div class=\"wp-block-media-text alignwide is-stacked-on-mobile\"><figure class=\"wp-block-media-text__media\"><img loading=\"lazy\" decoding=\"async\" width=\"700\" height=\"697\" src=\"https:\/\/angela-labus.de\/wp-content\/uploads\/2021\/05\/couple-5374273_1920-e1621380871459-700x697.jpg\" alt=\"\" class=\"wp-image-664 size-full\" srcset=\"https:\/\/angela-labus.de\/wp-content\/uploads\/2021\/05\/couple-5374273_1920-e1621380871459-700x697.jpg 700w, https:\/\/angela-labus.de\/wp-content\/uploads\/2021\/05\/couple-5374273_1920-e1621380871459-300x300.jpg 300w, https:\/\/angela-labus.de\/wp-content\/uploads\/2021\/05\/couple-5374273_1920-e1621380871459-150x150.jpg 150w, https:\/\/angela-labus.de\/wp-content\/uploads\/2021\/05\/couple-5374273_1920-e1621380871459-768x764.jpg 768w, https:\/\/angela-labus.de\/wp-content\/uploads\/2021\/05\/couple-5374273_1920-e1621380871459-60x60.jpg 60w, https:\/\/angela-labus.de\/wp-content\/uploads\/2021\/05\/couple-5374273_1920-e1621380871459.jpg 1060w\" sizes=\"auto, (max-width: 700px) 100vw, 700px\" \/><\/figure><div class=\"wp-block-media-text__content\">\n<h2 class=\"wp-block-heading\">Bindung &amp; Neue Autorit\u00e4t:<\/h2>\n\n\n\n<p>Wir leben heute in einer Zeit, wo Erziehung nicht mehr aus dem Bauch heraus unter Nachahmung dessen, was unsere Eltern getan haben, stattfindet. Nach dem Zeitalter der sogenannten schwarzen P\u00e4dagogik, des autorit\u00e4ren Erziehungstils, hat uns die Gegenbewegung der antiautorit\u00e4ren Erziehung ein ebenso gro\u00dfes Desaster in der Psyche der Kinder beschert.<\/p>\n\n\n\n<p>Alle Eltern haben ein erhebliches Interesse daran, ihr Kind zu unterst\u00fctzen und leiden unter dieser Erziehungsmisere ebenso wie ihre Kinder! Wir brauchen eine neue Autorit\u00e4t, die den Bed\u00fcrfnissen der Kinder gerecht wird, eine Autorit\u00e4t, die durch die Beziehung auf das Kind wirkt. Ein sicher gebundenes Kind ist kooperationsbereit und l\u00e4sst sich gerne f\u00fchren.<\/p>\n<\/div><\/div>\n\n\n\n<div style=\"height:18px\" aria-hidden=\"true\" class=\"wp-block-spacer\"><\/div>\n\n\n\n<p>Eltern sind heutzutage so verunsichert, dass sie keine F\u00fchrungspersonen mehr sind, die dem Kind Anker sein, Sicherheit und Orientierung und damit Bindung anbieten k\u00f6nnen. Nicht mehr die Eltern, sondern das Kind ist heutzutage oft Mittelpunkt der Familie und steuert die Eltern mit seiner Unreife. Diese stehen zunehmend ohnm\u00e4chtig vor dem Verhalten ihres Kindes.<\/p>\n\n\n\n<p><br>So leiden die Kinder h\u00e4ufig unter gro\u00dfer Haltlosigkeit. Sie entwickeln starke Aggressionen und Unruhe, die zunehmend mit Medikamenten &#8220;behandelt&#8221; werden, deren langfristige Folgen noch (besorgt) erforscht werden.<br><br>Ebenso sind \u00c4ngste und Depressionen im Kindesalter auf dem Vormarsch.<br><br>In der Neuen Autorit\u00e4t nach Haim Omer geht es darum, ganz pragmatisch die elterliche Wirksamkeit, Pr\u00e4senz und Sicherheit zu st\u00e4rken, indem die Eltern lernen, dass sie immer etwas tun k\u00f6nnen, dass dies richtig ist, was sie tun und wie wichtig es ist, sich mit Unterst\u00fctzern zu vernetzen, denn zur Erziehung eines Kindes braucht man gerade in schwierigen Zeiten soziale Unterst\u00fctzung .<br><br>Die Haltung dem Kind gegen\u00fcber ist von gro\u00dfem Respekt gekennzeichnet. Es geht nicht darum, es zu besiegen, sondern beharrlich zu tun, was man in seiner Verantwortung als Eltern tun muss. Das vorrangige Ziel ist nicht die Kontrolle des Kindes sondern die zunehmende Selbstkontrolle und Wirksamkeit der Eltern zur Verbesserung der Bindung zwischen Eltern und Kind. Dazu geh\u00f6rt die Bereitschaft der Eltern, sich mit den eigenen emotionalen Themen wirksam auseinander zu setzen, die sie hindern, auf wohltuende Weise f\u00fcr die Beziehung zum Kind da zu sein.<br><br>Diese St\u00e4rkung der neuen elterlichen Autorit\u00e4t, Autorit\u00e4t ohne Gewalt und Macht sondern durch Beziehung, ist so erfolgreich, gerade in Bereichen der Jugendhilfe (also in besonders schwierigen Erziehungssituationen), dass dieser Ansatz seit diesem Jahrtausend in verschiedenen L\u00e4ndern immer h\u00e4ufiger Anwendung findet.<br><br><br><\/p>\n<\/div>\n<\/div>\n\n\n\n<p><\/p>\n","protected":false},"excerpt":{"rendered":"<p>Sie finden bei mir Antworten und Anleitung zu folgenden Themen: Elternschaft ab der Schwangerschaft Unterst\u00fctzung bei der Erziehung mit Herz und Verstand: Respekt und Achtsamkeit f\u00fcr das Kind, Offenheit und aufrichtiges Interesse: Was dr\u00e4ngt aus der originellen Individualit\u00e4t des Kindes heraus in die Entwicklung f\u00fcr sein Leben?, Bereitschaft, mit glaubw\u00fcrdiger Autorit\u00e4t zu f\u00fchren, sich ber\u00fchren &hellip; <\/p>\n","protected":false},"author":1,"featured_media":0,"parent":0,"menu_order":0,"comment_status":"closed","ping_status":"closed","template":"","meta":{"footnotes":""},"class_list":["post-406","page","type-page","status-publish","hentry"],"yoast_head":"<!-- This site is optimized with the Yoast SEO plugin v16.9 - https:\/\/yoast.com\/wordpress\/plugins\/seo\/ -->\n<title>ElternSein - Angela Labus<\/title>\n<meta name=\"description\" content=\"Erziehungsberatung, Bindung, Fr\u00fcherziehungsberatung, Entwicklungspsychologie, kindliche Bed\u00fcrfnisse, neue Autorit\u00e4t, Haim Omer, Trotzalter, Schlafst\u00f6rung bei Kindern, Wutanf\u00e4lle,\" \/>\n<meta name=\"robots\" content=\"index, follow, max-snippet:-1, max-image-preview:large, max-video-preview:-1\" \/>\n<link rel=\"canonical\" href=\"https:\/\/angela-labus.de\/index.php\/eltern-sein\/\" \/>\n<meta property=\"og:locale\" content=\"de_DE\" \/>\n<meta property=\"og:type\" content=\"article\" \/>\n<meta property=\"og:title\" content=\"ElternSein - Angela Labus\" \/>\n<meta property=\"og:description\" content=\"Erziehungsberatung, Bindung, Fr\u00fcherziehungsberatung, Entwicklungspsychologie, kindliche Bed\u00fcrfnisse, neue Autorit\u00e4t, Haim Omer, Trotzalter, Schlafst\u00f6rung bei Kindern, Wutanf\u00e4lle,\" \/>\n<meta property=\"og:url\" content=\"https:\/\/angela-labus.de\/index.php\/eltern-sein\/\" \/>\n<meta property=\"og:site_name\" content=\"Angela Labus\" \/>\n<meta property=\"article:modified_time\" content=\"2021-09-28T20:02:54+00:00\" \/>\n<meta property=\"og:image\" content=\"https:\/\/angela-labus.de\/wp-content\/uploads\/2021\/05\/family-2485714_1920-e1621380568917-700x368.jpg\" \/>\n<meta name=\"twitter:card\" content=\"summary_large_image\" \/>\n<meta name=\"twitter:label1\" content=\"Gesch\u00e4tzte Lesezeit\" \/>\n\t<meta name=\"twitter:data1\" content=\"4\u00a0Minuten\" \/>\n<script type=\"application\/ld+json\" class=\"yoast-schema-graph\">{\"@context\":\"https:\/\/schema.org\",\"@graph\":[{\"@type\":[\"Person\",\"Organization\"],\"@id\":\"https:\/\/angela-labus.de\/#\/schema\/person\/91e65647448f60508914a21cd7da6cb0\",\"name\":\"admin\",\"image\":{\"@type\":\"ImageObject\",\"@id\":\"https:\/\/angela-labus.de\/#personlogo\",\"inLanguage\":\"de\",\"url\":\"https:\/\/angela-labus.de\/wp-content\/uploads\/2021\/05\/portrait.jpg\",\"contentUrl\":\"https:\/\/angela-labus.de\/wp-content\/uploads\/2021\/05\/portrait.jpg\",\"width\":1560,\"height\":2040,\"caption\":\"admin\"},\"logo\":{\"@id\":\"https:\/\/angela-labus.de\/#personlogo\"},\"sameAs\":[\"https:\/\/angela-labus.de\"]},{\"@type\":\"WebSite\",\"@id\":\"https:\/\/angela-labus.de\/#website\",\"url\":\"https:\/\/angela-labus.de\/\",\"name\":\"Angela Labus\",\"description\":\"Diplom-Psychologin Heilpraktikerin(Psychotherapie) Onlinepsychologin(per Video)\",\"publisher\":{\"@id\":\"https:\/\/angela-labus.de\/#\/schema\/person\/91e65647448f60508914a21cd7da6cb0\"},\"potentialAction\":[{\"@type\":\"SearchAction\",\"target\":{\"@type\":\"EntryPoint\",\"urlTemplate\":\"https:\/\/angela-labus.de\/?s={search_term_string}\"},\"query-input\":\"required name=search_term_string\"}],\"inLanguage\":\"de\"},{\"@type\":\"ImageObject\",\"@id\":\"https:\/\/angela-labus.de\/index.php\/eltern-sein\/#primaryimage\",\"inLanguage\":\"de\",\"url\":\"https:\/\/angela-labus.de\/wp-content\/uploads\/2021\/05\/family-2485714_1920-e1621380568917.jpg\",\"contentUrl\":\"https:\/\/angela-labus.de\/wp-content\/uploads\/2021\/05\/family-2485714_1920-e1621380568917.jpg\",\"width\":1920,\"height\":1008},{\"@type\":\"WebPage\",\"@id\":\"https:\/\/angela-labus.de\/index.php\/eltern-sein\/#webpage\",\"url\":\"https:\/\/angela-labus.de\/index.php\/eltern-sein\/\",\"name\":\"ElternSein - Angela Labus\",\"isPartOf\":{\"@id\":\"https:\/\/angela-labus.de\/#website\"},\"primaryImageOfPage\":{\"@id\":\"https:\/\/angela-labus.de\/index.php\/eltern-sein\/#primaryimage\"},\"datePublished\":\"2021-04-19T10:13:21+00:00\",\"dateModified\":\"2021-09-28T20:02:54+00:00\",\"description\":\"Erziehungsberatung, Bindung, Fr\\u00fcherziehungsberatung, Entwicklungspsychologie, kindliche Bed\\u00fcrfnisse, neue Autorit\\u00e4t, Haim Omer, Trotzalter, Schlafst\\u00f6rung bei Kindern, Wutanf\\u00e4lle,\",\"breadcrumb\":{\"@id\":\"https:\/\/angela-labus.de\/index.php\/eltern-sein\/#breadcrumb\"},\"inLanguage\":\"de\",\"potentialAction\":[{\"@type\":\"ReadAction\",\"target\":[\"https:\/\/angela-labus.de\/index.php\/eltern-sein\/\"]}]},{\"@type\":\"BreadcrumbList\",\"@id\":\"https:\/\/angela-labus.de\/index.php\/eltern-sein\/#breadcrumb\",\"itemListElement\":[{\"@type\":\"ListItem\",\"position\":1,\"name\":\"Startseite\",\"item\":\"https:\/\/angela-labus.de\/\"},{\"@type\":\"ListItem\",\"position\":2,\"name\":\"ElternSein\"}]}]}<\/script>\n<!-- \/ Yoast SEO plugin. -->","yoast_head_json":{"title":"ElternSein - Angela Labus","description":"Erziehungsberatung, Bindung, Fr\u00fcherziehungsberatung, Entwicklungspsychologie, kindliche Bed\u00fcrfnisse, neue Autorit\u00e4t, Haim Omer, Trotzalter, Schlafst\u00f6rung bei Kindern, Wutanf\u00e4lle,","robots":{"index":"index","follow":"follow","max-snippet":"max-snippet:-1","max-image-preview":"max-image-preview:large","max-video-preview":"max-video-preview:-1"},"canonical":"https:\/\/angela-labus.de\/index.php\/eltern-sein\/","og_locale":"de_DE","og_type":"article","og_title":"ElternSein - Angela Labus","og_description":"Erziehungsberatung, Bindung, Fr\u00fcherziehungsberatung, Entwicklungspsychologie, kindliche Bed\u00fcrfnisse, neue Autorit\u00e4t, Haim Omer, Trotzalter, Schlafst\u00f6rung bei Kindern, Wutanf\u00e4lle,","og_url":"https:\/\/angela-labus.de\/index.php\/eltern-sein\/","og_site_name":"Angela Labus","article_modified_time":"2021-09-28T20:02:54+00:00","og_image":[{"url":"https:\/\/angela-labus.de\/wp-content\/uploads\/2021\/05\/family-2485714_1920-e1621380568917-700x368.jpg"}],"twitter_card":"summary_large_image","twitter_misc":{"Gesch\u00e4tzte Lesezeit":"4\u00a0Minuten"},"schema":{"@context":"https:\/\/schema.org","@graph":[{"@type":["Person","Organization"],"@id":"https:\/\/angela-labus.de\/#\/schema\/person\/91e65647448f60508914a21cd7da6cb0","name":"admin","image":{"@type":"ImageObject","@id":"https:\/\/angela-labus.de\/#personlogo","inLanguage":"de","url":"https:\/\/angela-labus.de\/wp-content\/uploads\/2021\/05\/portrait.jpg","contentUrl":"https:\/\/angela-labus.de\/wp-content\/uploads\/2021\/05\/portrait.jpg","width":1560,"height":2040,"caption":"admin"},"logo":{"@id":"https:\/\/angela-labus.de\/#personlogo"},"sameAs":["https:\/\/angela-labus.de"]},{"@type":"WebSite","@id":"https:\/\/angela-labus.de\/#website","url":"https:\/\/angela-labus.de\/","name":"Angela Labus","description":"Diplom-Psychologin Heilpraktikerin(Psychotherapie) Onlinepsychologin(per Video)","publisher":{"@id":"https:\/\/angela-labus.de\/#\/schema\/person\/91e65647448f60508914a21cd7da6cb0"},"potentialAction":[{"@type":"SearchAction","target":{"@type":"EntryPoint","urlTemplate":"https:\/\/angela-labus.de\/?s={search_term_string}"},"query-input":"required name=search_term_string"}],"inLanguage":"de"},{"@type":"ImageObject","@id":"https:\/\/angela-labus.de\/index.php\/eltern-sein\/#primaryimage","inLanguage":"de","url":"https:\/\/angela-labus.de\/wp-content\/uploads\/2021\/05\/family-2485714_1920-e1621380568917.jpg","contentUrl":"https:\/\/angela-labus.de\/wp-content\/uploads\/2021\/05\/family-2485714_1920-e1621380568917.jpg","width":1920,"height":1008},{"@type":"WebPage","@id":"https:\/\/angela-labus.de\/index.php\/eltern-sein\/#webpage","url":"https:\/\/angela-labus.de\/index.php\/eltern-sein\/","name":"ElternSein - Angela Labus","isPartOf":{"@id":"https:\/\/angela-labus.de\/#website"},"primaryImageOfPage":{"@id":"https:\/\/angela-labus.de\/index.php\/eltern-sein\/#primaryimage"},"datePublished":"2021-04-19T10:13:21+00:00","dateModified":"2021-09-28T20:02:54+00:00","description":"Erziehungsberatung, Bindung, Fr\u00fcherziehungsberatung, Entwicklungspsychologie, kindliche Bed\u00fcrfnisse, neue Autorit\u00e4t, Haim Omer, Trotzalter, Schlafst\u00f6rung bei Kindern, Wutanf\u00e4lle,","breadcrumb":{"@id":"https:\/\/angela-labus.de\/index.php\/eltern-sein\/#breadcrumb"},"inLanguage":"de","potentialAction":[{"@type":"ReadAction","target":["https:\/\/angela-labus.de\/index.php\/eltern-sein\/"]}]},{"@type":"BreadcrumbList","@id":"https:\/\/angela-labus.de\/index.php\/eltern-sein\/#breadcrumb","itemListElement":[{"@type":"ListItem","position":1,"name":"Startseite","item":"https:\/\/angela-labus.de\/"},{"@type":"ListItem","position":2,"name":"ElternSein"}]}]}},"_links":{"self":[{"href":"https:\/\/angela-labus.de\/index.php\/wp-json\/wp\/v2\/pages\/406","targetHints":{"allow":["GET"]}}],"collection":[{"href":"https:\/\/angela-labus.de\/index.php\/wp-json\/wp\/v2\/pages"}],"about":[{"href":"https:\/\/angela-labus.de\/index.php\/wp-json\/wp\/v2\/types\/page"}],"author":[{"embeddable":true,"href":"https:\/\/angela-labus.de\/index.php\/wp-json\/wp\/v2\/users\/1"}],"replies":[{"embeddable":true,"href":"https:\/\/angela-labus.de\/index.php\/wp-json\/wp\/v2\/comments?post=406"}],"version-history":[{"count":14,"href":"https:\/\/angela-labus.de\/index.php\/wp-json\/wp\/v2\/pages\/406\/revisions"}],"predecessor-version":[{"id":3265,"href":"https:\/\/angela-labus.de\/index.php\/wp-json\/wp\/v2\/pages\/406\/revisions\/3265"}],"wp:attachment":[{"href":"https:\/\/angela-labus.de\/index.php\/wp-json\/wp\/v2\/media?parent=406"}],"curies":[{"name":"wp","href":"https:\/\/api.w.org\/{rel}","templated":true}]}}