{"id":347,"date":"2021-04-05T23:16:33","date_gmt":"2021-04-05T21:16:33","guid":{"rendered":"https:\/\/spielspass88.wordpress.com\/?page_id=347"},"modified":"2023-07-31T20:31:12","modified_gmt":"2023-07-31T20:31:12","slug":"kontakt","status":"publish","type":"page","link":"https:\/\/angela-labus.de\/index.php\/kontakt\/","title":{"rendered":"Kontakt"},"content":{"rendered":"\n<div class=\"wp-block-columns are-vertically-aligned-center is-layout-flex wp-container-core-columns-is-layout-9d6595d7 wp-block-columns-is-layout-flex\">\n<div class=\"wp-block-column is-vertically-aligned-center is-layout-flow wp-block-column-is-layout-flow\" style=\"flex-basis:100%\">\n<p class=\"has-text-align-center\">Bei Interessse rufen Sie mich einfach an oder schreiben Sie mir eine Email.<br>Ich antworte innerhalb von 48 Stunden, meistens noch eher. <br>Scheuen Sie sich nicht, <br>mich<mark style=\"background-color:rgba(0, 0, 0, 0)\" class=\"has-inline-color has-black-color\"> <\/mark><strong><em><mark style=\"background-color:rgba(0, 0, 0, 0);color:#eb9d3e\" class=\"has-inline-color\">kostenlos<\/mark><\/em><\/strong><br>entweder <em>telefonisch<\/em> zu kontakten<br>oder auch ein <em>15 bis maximal 20min\u00fctiges Videogespr\u00e4ch<\/em> mit mir zu vereinbaren.<br>So k\u00f6nnen Sie mich zun\u00e4chst kurz im Gespr\u00e4ch erleben, eine Art Vorgespr\u00e4ch suchen, um organisatorische oder inhaltliche Fragen zu kl\u00e4ren, sich \u00fcber bestimmte Dinge zu vergewissern oder um einfach einen Eindruck von mir zu bekommen.<br>Solch ein Kurzkontakt ist nicht geeignet, um in Ihr Problem und Ihre Geschichte einzusteigen. <br>Dazu braucht es mehr Raum in einem ausf\u00fchrlichen Gespr\u00e4chstermin.<\/p>\n\n\n\n<p><\/p>\n\n\n\n<h2 class=\"wp-block-heading has-text-align-center\" style=\"font-size:23px\"><strong>Angela Labus<br>Diplom-Psychologin<br>Heilpraktikerin (Psychotherapie<\/strong>)<\/h2>\n\n\n\n<p class=\"has-text-align-center\" style=\"font-size:18px\">Praxisadresse:<\/p>\n\n\n\n<p class=\"has-text-align-center\">Praxis f\u00fcr Lebenskunst<br>im<br>PraxisHaus Bad Wilhelmsh\u00f6he<br>Lange Stra\u00dfe 99<br>34131 Kassel &#8211; Bad Wilhelmsh\u00f6he<\/p>\n\n\n\n<p class=\"has-text-align-center mail has-medium-font-size\">Telefon: 0561\/739 744 69<br>Email: <a href=\"mailto:a.labus@gmx.net\">a.labus@gmx.net<\/a><\/p>\n\n\n\n<p class=\"has-text-align-center\" style=\"font-size:18px\"><br><br>Anfahrt:<\/p>\n\n\n\n<p class=\"has-text-align-center\">Die Praxis ist bequem mit \u00f6ffentlichen Verkehrsmitteln zu erreichen.<br>Z.B. ist die zentrale Station &#8220;Kassel-Wilhelmsh\u00f6he&#8221; nur einen Kilometer enfernt,<br>ein Fu\u00dfweg von 10 Minuten.<\/p>\n<\/div>\n<\/div>\n\n\n\n<p><\/p>\n","protected":false},"excerpt":{"rendered":"<p>Bei Interessse rufen Sie mich einfach an oder schreiben Sie mir eine Email.Ich antworte innerhalb von 48 Stunden, meistens noch eher. Scheuen Sie sich nicht, mich kostenlosentweder telefonisch zu kontaktenoder auch ein 15 bis maximal 20min\u00fctiges Videogespr\u00e4ch mit mir zu vereinbaren.So k\u00f6nnen Sie mich zun\u00e4chst kurz im Gespr\u00e4ch erleben, eine Art Vorgespr\u00e4ch suchen, um organisatorische &hellip; <\/p>\n","protected":false},"author":1,"featured_media":0,"parent":0,"menu_order":0,"comment_status":"closed","ping_status":"closed","template":"","meta":{"footnotes":""},"class_list":["post-347","page","type-page","status-publish","hentry"],"yoast_head":"<!-- This site is optimized with the Yoast SEO plugin v16.9 - https:\/\/yoast.com\/wordpress\/plugins\/seo\/ -->\n<title>Kontakt - Angela Labus<\/title>\n<meta name=\"description\" content=\"Onlinepsychologin, Therapie Online, per Video, Paartherapie, Klopftechniken, MET, TRE\" \/>\n<meta name=\"robots\" content=\"index, follow, max-snippet:-1, max-image-preview:large, max-video-preview:-1\" \/>\n<link rel=\"canonical\" href=\"https:\/\/angela-labus.de\/index.php\/kontakt\/\" \/>\n<meta property=\"og:locale\" content=\"de_DE\" \/>\n<meta property=\"og:type\" content=\"article\" \/>\n<meta property=\"og:title\" content=\"Kontakt - Angela Labus\" \/>\n<meta property=\"og:description\" content=\"Onlinepsychologin, Therapie Online, per Video, Paartherapie, Klopftechniken, MET, TRE\" \/>\n<meta property=\"og:url\" content=\"https:\/\/angela-labus.de\/index.php\/kontakt\/\" \/>\n<meta property=\"og:site_name\" content=\"Angela Labus\" \/>\n<meta property=\"article:modified_time\" content=\"2023-07-31T20:31:12+00:00\" \/>\n<meta name=\"twitter:card\" content=\"summary_large_image\" \/>\n<meta name=\"twitter:label1\" content=\"Gesch\u00e4tzte Lesezeit\" \/>\n\t<meta name=\"twitter:data1\" content=\"1\u00a0Minute\" \/>\n<script type=\"application\/ld+json\" class=\"yoast-schema-graph\">{\"@context\":\"https:\/\/schema.org\",\"@graph\":[{\"@type\":[\"Person\",\"Organization\"],\"@id\":\"https:\/\/angela-labus.de\/#\/schema\/person\/91e65647448f60508914a21cd7da6cb0\",\"name\":\"admin\",\"image\":{\"@type\":\"ImageObject\",\"@id\":\"https:\/\/angela-labus.de\/#personlogo\",\"inLanguage\":\"de\",\"url\":\"https:\/\/angela-labus.de\/wp-content\/uploads\/2021\/05\/portrait.jpg\",\"contentUrl\":\"https:\/\/angela-labus.de\/wp-content\/uploads\/2021\/05\/portrait.jpg\",\"width\":1560,\"height\":2040,\"caption\":\"admin\"},\"logo\":{\"@id\":\"https:\/\/angela-labus.de\/#personlogo\"},\"sameAs\":[\"https:\/\/angela-labus.de\"]},{\"@type\":\"WebSite\",\"@id\":\"https:\/\/angela-labus.de\/#website\",\"url\":\"https:\/\/angela-labus.de\/\",\"name\":\"Angela Labus\",\"description\":\"Diplom-Psychologin Heilpraktikerin(Psychotherapie) Onlinepsychologin(per Video)\",\"publisher\":{\"@id\":\"https:\/\/angela-labus.de\/#\/schema\/person\/91e65647448f60508914a21cd7da6cb0\"},\"potentialAction\":[{\"@type\":\"SearchAction\",\"target\":{\"@type\":\"EntryPoint\",\"urlTemplate\":\"https:\/\/angela-labus.de\/?s={search_term_string}\"},\"query-input\":\"required name=search_term_string\"}],\"inLanguage\":\"de\"},{\"@type\":\"WebPage\",\"@id\":\"https:\/\/angela-labus.de\/index.php\/kontakt\/#webpage\",\"url\":\"https:\/\/angela-labus.de\/index.php\/kontakt\/\",\"name\":\"Kontakt - Angela Labus\",\"isPartOf\":{\"@id\":\"https:\/\/angela-labus.de\/#website\"},\"datePublished\":\"2021-04-05T21:16:33+00:00\",\"dateModified\":\"2023-07-31T20:31:12+00:00\",\"description\":\"Onlinepsychologin, Therapie Online, per Video, Paartherapie, Klopftechniken, MET, TRE\",\"breadcrumb\":{\"@id\":\"https:\/\/angela-labus.de\/index.php\/kontakt\/#breadcrumb\"},\"inLanguage\":\"de\",\"potentialAction\":[{\"@type\":\"ReadAction\",\"target\":[\"https:\/\/angela-labus.de\/index.php\/kontakt\/\"]}]},{\"@type\":\"BreadcrumbList\",\"@id\":\"https:\/\/angela-labus.de\/index.php\/kontakt\/#breadcrumb\",\"itemListElement\":[{\"@type\":\"ListItem\",\"position\":1,\"name\":\"Startseite\",\"item\":\"https:\/\/angela-labus.de\/\"},{\"@type\":\"ListItem\",\"position\":2,\"name\":\"Kontakt\"}]}]}<\/script>\n<!-- \/ Yoast SEO plugin. -->","yoast_head_json":{"title":"Kontakt - Angela Labus","description":"Onlinepsychologin, Therapie Online, per Video, Paartherapie, Klopftechniken, MET, TRE","robots":{"index":"index","follow":"follow","max-snippet":"max-snippet:-1","max-image-preview":"max-image-preview:large","max-video-preview":"max-video-preview:-1"},"canonical":"https:\/\/angela-labus.de\/index.php\/kontakt\/","og_locale":"de_DE","og_type":"article","og_title":"Kontakt - Angela Labus","og_description":"Onlinepsychologin, Therapie Online, per Video, Paartherapie, Klopftechniken, MET, TRE","og_url":"https:\/\/angela-labus.de\/index.php\/kontakt\/","og_site_name":"Angela Labus","article_modified_time":"2023-07-31T20:31:12+00:00","twitter_card":"summary_large_image","twitter_misc":{"Gesch\u00e4tzte Lesezeit":"1\u00a0Minute"},"schema":{"@context":"https:\/\/schema.org","@graph":[{"@type":["Person","Organization"],"@id":"https:\/\/angela-labus.de\/#\/schema\/person\/91e65647448f60508914a21cd7da6cb0","name":"admin","image":{"@type":"ImageObject","@id":"https:\/\/angela-labus.de\/#personlogo","inLanguage":"de","url":"https:\/\/angela-labus.de\/wp-content\/uploads\/2021\/05\/portrait.jpg","contentUrl":"https:\/\/angela-labus.de\/wp-content\/uploads\/2021\/05\/portrait.jpg","width":1560,"height":2040,"caption":"admin"},"logo":{"@id":"https:\/\/angela-labus.de\/#personlogo"},"sameAs":["https:\/\/angela-labus.de"]},{"@type":"WebSite","@id":"https:\/\/angela-labus.de\/#website","url":"https:\/\/angela-labus.de\/","name":"Angela Labus","description":"Diplom-Psychologin Heilpraktikerin(Psychotherapie) Onlinepsychologin(per Video)","publisher":{"@id":"https:\/\/angela-labus.de\/#\/schema\/person\/91e65647448f60508914a21cd7da6cb0"},"potentialAction":[{"@type":"SearchAction","target":{"@type":"EntryPoint","urlTemplate":"https:\/\/angela-labus.de\/?s={search_term_string}"},"query-input":"required name=search_term_string"}],"inLanguage":"de"},{"@type":"WebPage","@id":"https:\/\/angela-labus.de\/index.php\/kontakt\/#webpage","url":"https:\/\/angela-labus.de\/index.php\/kontakt\/","name":"Kontakt - Angela Labus","isPartOf":{"@id":"https:\/\/angela-labus.de\/#website"},"datePublished":"2021-04-05T21:16:33+00:00","dateModified":"2023-07-31T20:31:12+00:00","description":"Onlinepsychologin, Therapie Online, per Video, Paartherapie, Klopftechniken, MET, TRE","breadcrumb":{"@id":"https:\/\/angela-labus.de\/index.php\/kontakt\/#breadcrumb"},"inLanguage":"de","potentialAction":[{"@type":"ReadAction","target":["https:\/\/angela-labus.de\/index.php\/kontakt\/"]}]},{"@type":"BreadcrumbList","@id":"https:\/\/angela-labus.de\/index.php\/kontakt\/#breadcrumb","itemListElement":[{"@type":"ListItem","position":1,"name":"Startseite","item":"https:\/\/angela-labus.de\/"},{"@type":"ListItem","position":2,"name":"Kontakt"}]}]}},"_links":{"self":[{"href":"https:\/\/angela-labus.de\/index.php\/wp-json\/wp\/v2\/pages\/347","targetHints":{"allow":["GET"]}}],"collection":[{"href":"https:\/\/angela-labus.de\/index.php\/wp-json\/wp\/v2\/pages"}],"about":[{"href":"https:\/\/angela-labus.de\/index.php\/wp-json\/wp\/v2\/types\/page"}],"author":[{"embeddable":true,"href":"https:\/\/angela-labus.de\/index.php\/wp-json\/wp\/v2\/users\/1"}],"replies":[{"embeddable":true,"href":"https:\/\/angela-labus.de\/index.php\/wp-json\/wp\/v2\/comments?post=347"}],"version-history":[{"count":34,"href":"https:\/\/angela-labus.de\/index.php\/wp-json\/wp\/v2\/pages\/347\/revisions"}],"predecessor-version":[{"id":3272,"href":"https:\/\/angela-labus.de\/index.php\/wp-json\/wp\/v2\/pages\/347\/revisions\/3272"}],"wp:attachment":[{"href":"https:\/\/angela-labus.de\/index.php\/wp-json\/wp\/v2\/media?parent=347"}],"curies":[{"name":"wp","href":"https:\/\/api.w.org\/{rel}","templated":true}]}}