{"id":292,"date":"2021-04-05T19:53:30","date_gmt":"2021-04-05T17:53:30","guid":{"rendered":"https:\/\/spielspass88.wordpress.com\/?page_id=292"},"modified":"2022-02-24T20:12:35","modified_gmt":"2022-02-24T20:12:35","slug":"uber-mich","status":"publish","type":"page","link":"https:\/\/angela-labus.de\/index.php\/uber-mich\/","title":{"rendered":"\u00dcber mich"},"content":{"rendered":"\n<div class=\"wp-block-columns are-vertically-aligned-center is-layout-flex wp-container-core-columns-is-layout-9d6595d7 wp-block-columns-is-layout-flex\">\n<div class=\"wp-block-column is-vertically-aligned-center is-layout-flow wp-block-column-is-layout-flow\" style=\"flex-basis:100%\">\n<div class=\"wp-block-media-text alignwide has-media-on-the-right is-stacked-on-mobile has-background\" style=\"background-color:#faa158;grid-template-columns:auto 71%\"><figure class=\"wp-block-media-text__media\"><img loading=\"lazy\" decoding=\"async\" width=\"700\" height=\"459\" src=\"https:\/\/angela-labus.de\/wp-content\/uploads\/2022\/02\/zugeschnitten-4-700x459.jpg\" alt=\"\" class=\"wp-image-3235 size-full\" srcset=\"https:\/\/angela-labus.de\/wp-content\/uploads\/2022\/02\/zugeschnitten-4-700x459.jpg 700w, https:\/\/angela-labus.de\/wp-content\/uploads\/2022\/02\/zugeschnitten-4-300x197.jpg 300w, https:\/\/angela-labus.de\/wp-content\/uploads\/2022\/02\/zugeschnitten-4-768x504.jpg 768w, https:\/\/angela-labus.de\/wp-content\/uploads\/2022\/02\/zugeschnitten-4-1536x1007.jpg 1536w, https:\/\/angela-labus.de\/wp-content\/uploads\/2022\/02\/zugeschnitten-4-2048x1343.jpg 2048w, https:\/\/angela-labus.de\/wp-content\/uploads\/2022\/02\/zugeschnitten-4-92x60.jpg 92w\" sizes=\"auto, (max-width: 700px) 100vw, 700px\" \/><\/figure><div class=\"wp-block-media-text__content\">\n<h2 class=\"has-text-align-center wp-block-heading\">Wenn ich arbeite, bin ich mit<br>Liebe und Engagement <br>bei der Sache!<br><\/h2>\n<\/div><\/div>\n\n\n\n<div style=\"height:25px\" aria-hidden=\"true\" class=\"wp-block-spacer\"><\/div>\n\n\n\n<h2 class=\"wp-block-heading\" style=\"font-size:30px\">Ich biete Ihnen<\/h2>\n\n\n\n<p>durch meine Klarheit, mein Expertenwissen, meine eigene Krisenerfahrung, mein Verst\u00e4ndnis und meine Empathie Orientierung und einen bewussten Raum zur tiefen Kl\u00e4rung und schrittweisen \u00dcberwindung Ihrer inneren Stolpersteine, die zu Beziehungsproblemen, Problemen mit sich selbst und dem Leben gef\u00fchrt haben.<\/p>\n\n\n\n<h2 class=\"wp-block-heading\" style=\"font-size:30px\">Mein Ziel ist es,<\/h2>\n\n\n\n<p>Ihnen Ihre eigene Macht und Wirksamkeit bewusst zu machen und Sie wieder damit in Verbindung zu bringen. Ihnen einen Weg zur\u00fcck in Ihren individuellen Lebensfluss aufzuzeigen, anstatt weiter gegen den Strom zu schwimmen oder im Stau zu stecken. Wenn Sie bereit sind, zeige ich Ihnen, wie Sie durch Ehrlichkeit sich selbst gegen\u00fcber, Verantwortungs\u00fcbernahme und Know-how Ihr eigenes Leben und Erleben umkrempeln k\u00f6nnen.<\/p>\n\n\n\n<h2 class=\"wp-block-heading\" style=\"font-size:30px\">Ich bin davon \u00fcberzeugt,<\/h2>\n\n\n\n<p>dass wir alle als geistige Wesen an eine intelligente, licht- und liebevolle Energie angeschlossen und mit Kr\u00e4ften ausgestattet sind, die viel st\u00e4rker sind als das, was uns \u00fcber uns selbst bewusst ist. Diese k\u00f6nnen wir nutzen, wenn wir sie einladen. Sie geh\u00f6ren zum ungenutzten Potential von gesch\u00e4tzten 95%, von dem in der Hirnforschung immer wieder die Rede ist.<\/p>\n\n\n\n<p>Der Schl\u00fcssel zur grundlegenden Probleml\u00f6sung liegt nicht im Au\u00dfen, sondern in uns selbst.<\/p>\n\n\n\n<h2 class=\"wp-block-heading\" style=\"font-size:30px\">Selbsterkenntnis ist der entscheidende zentrale Katalysator f\u00fcr ein bewusstes, gl\u00fcckliches und erfolgreiches Leben.<\/h2>\n\n\n\n<div style=\"height:35px\" aria-hidden=\"true\" class=\"wp-block-spacer\"><\/div>\n\n\n\n<h2 class=\"wp-block-heading\">Meine fachlichen Qualifikationen<strong>:<\/strong><\/h2>\n\n\n\n<p>Nach meinem Ermessen sch\u00f6pfe ich meine wichtigste Qualifikation aus meiner Eigenart und der umf\u00e4nglichen Ausbildung, die das Leben selbst mir beschert hat und immer noch beschert.<\/p>\n\n\n\n<p>Meine Natur: schneller analytischer Verstand, klarer Geist, hochsensibles Nervensystem, Gef\u00fchlstiefe, sensitive Wahrnehmung: eine gro\u00dfe Verwundbarkeit, die geneigt macht, die Wechself\u00e4lle des Lebens als Trauma zu erfahren.<\/p>\n\n\n\n<p>Die Themen, die mich seit meiner Jugend bewegen, reichen von Spiritualit\u00e4t, der wahren Natur eines Menschen, Sensitivit\u00e4t bzw. Hochsensibilit\u00e4t und Hochbegabung \u00fcber die Frage, wie man sich von der Tyrannei starker negativer Gef\u00fchle und negativer Gedanken befreien kann und wie es m\u00f6glich ist, respektvolle und gelungene Beziehungen &#8211; sowohl in der Familie als auch in Beruf, Freundeskreis usw. &#8211; zu f\u00fchren, ohne sich selbst zu verraten und dennoch andere wertzusch\u00e4tzen und wichtig zu nehmen.<\/p>\n\n\n\n<p>Dabei f\u00fchrte mich der Weg in die verletzte Psyche, in Traumatisierung, die Bedeutung von Bed\u00fcrfnissen, Selbstf\u00fcrsorge, Eigenart und Bindung. Es war sehr hilfreich, tief in die Entwicklungspsychologie und Arbeit mit traumatisierten Kindern in der Jugendhilfe einzutauchen und bei der Therapie mit Erwachsenen zu sehen, welche langfristigen Folgen Entwicklungstraumatisierungen haben.<\/p>\n\n\n\n<p>Ich habe gelernt, dass die Einbeziehung des K\u00f6rpers in die Psychotherapie f\u00fcr den Erfolg unabdingbar ist &#8211; vor allem im Bereich Trauma &#8211; und arbeite deshalb energetisch-psychotherapeutisch.<\/p>\n\n\n\n<p>Da es immer auch um den Sinn und die Richtung des authentischen Lebens jedes Einzelnen geht, spielt f\u00fcr mich Spiritualit\u00e4t, der Bezug zur Lebenskraft in uns und wohin sie uns dr\u00e4ngt, eine gro\u00dfe Rolle. Ich beziehe das bei denen, die ebenso daran interessiert sind, in die Therapie mit ein.<\/p>\n\n\n\n<div class=\"wp-block-media-text alignwide is-stacked-on-mobile\" style=\"grid-template-columns:32% auto\"><figure class=\"wp-block-media-text__media\"><img loading=\"lazy\" decoding=\"async\" width=\"440\" height=\"747\" src=\"https:\/\/angela-labus.de\/wp-content\/uploads\/2021\/05\/bluete.jpg\" alt=\"\" class=\"wp-image-1568 size-full\" srcset=\"https:\/\/angela-labus.de\/wp-content\/uploads\/2021\/05\/bluete.jpg 440w, https:\/\/angela-labus.de\/wp-content\/uploads\/2021\/05\/bluete-177x300.jpg 177w, https:\/\/angela-labus.de\/wp-content\/uploads\/2021\/05\/bluete-35x60.jpg 35w\" sizes=\"auto, (max-width: 440px) 100vw, 440px\" \/><\/figure><div class=\"wp-block-media-text__content\">\n<p>Diplom-Psychologin seit 1991<br>Heilpraktikerin (Psychotherapie) seit 2000<\/p>\n\n\n\n<p>wesentliche Zusatzausbildungen:<br>MET\u00ae-Therapeutin seit 2012 (Rainer Franke, gestalttherapeutisch\/energetisch-psychotherapeutisch)<br>TRE\u00ae-Provider seit 2016 (David Berceli, Bioenergetik)<br>Therapeutin f\u00fcr die Arbeit am Tonfeld\u00ae f\u00fcr Kinder, Jugendliche und Erwachsene seit 2011 (Heinz Deuser, tiefenpsychologisch-anthropologische, haptische Gestaltbildung)<br>Lehrerin f\u00fcr Tanzimprovisation und K\u00f6rpersymbolik 2006 (Detlef Kappert, Archetypen in K\u00f6rper und Geist)<br>Neue Autorit\u00e4t seit 2013 (Haim Omer, P\u00e4dagogik bei Kindern, wo nichts mehr geht)<br>Bindungsorientierte P\u00e4dagogik seit 1994 (Brigitte Hannig)<\/p>\n\n\n\n<p>Regelm\u00e4\u00dfige Fortbildungen<br>Kontinuierliche Eigensupervision<br>Umfangreiche therapeutische Selbsterfahrung<br>Mitglied im Norddeutschen Institut f\u00fcr Bioenergetische Analyse (NIBA)<\/p>\n<\/div><\/div>\n\n\n\n<p><\/p>\n\n\n\n<p>Berufserfahrung: seit 2006 in eigener psychologischer Privatpraxis t\u00e4tig<br>parallel freiberuflich t\u00e4tig gewesen als:<br>Psychologin in einer Familienberatungsstelle: Lebens-, Erziehungs-, Paarberatung<br>Psychologin in einer therapeutischen Tagesgruppe f\u00fcr Kinder und Jugendliche mit besonderen Bed\u00fcrfnissen, Traumap\u00e4dagogik, Arbeit am Tonfeld\u00ae<br>Coaching und Supervision von P\u00e4dagogen in Kindertagesst\u00e4tten und der ambulanten Jugendhilfe<br>Coaching von Eltern in Kindertagesst\u00e4tten, Coaching und Clearings f\u00fcr Familien in Not in der ambulanten Jugendhilfe, Arbeit am Tonfeld\u00ae<br><br>Jahrgang 1965<br>1 Sohn, 1 Tochter<br><br>Ich bin dem g\u00f6ttlichen Bewusstsein und der lebendigen Seele in jedem Menschen verpflichtet.<\/p>\n\n\n\n<div style=\"height:25px\" aria-hidden=\"true\" class=\"wp-block-spacer\"><\/div>\n\n\n\n<h2 class=\"wp-block-heading\">Mein Weg:<\/h2>\n\n\n\n<p>Der Lebensweg jedes Menschen ist einzigartig. Jeder ist eine einzelne Facette des gro\u00dfen Juwels des Lebens mit seiner eigenen Form, Farbe und besonderen Qualit\u00e4t. Und jeder geht diesen individuellen, nicht vergleichbaren Weg auf seine besondere Weise.<\/p>\n\n\n\n<p>Mein Leben war fr\u00fcher gepr\u00e4gt von vielf\u00e4ltigen inneren und \u00e4u\u00dferen Problemen. In meiner Lebensmitte habe ich mich schlie\u00dflich aus diesem Elend befreien k\u00f6nnen, indem ich meine ganze Energie ausdauernd und unbeirrt auf dieses Ziel richtete. Energie bedeutet hier: Aufmerksamkeit, Zeit und Geld.<\/p>\n\n\n\n<p>Ich hatte zun\u00e4chst durch kritische Lebenserfahrungen in Kombination mit meiner Hochsensibilit\u00e4t ein negatives Selbst- und Weltbild entwickelt. Deshalb war meine erste Lebensh\u00e4lfte schwierig und belastet. Es gab viele Herausforderungen mit der Herkunftsfamilie, in Partnerschaften und mit den eigenen Kindern. Auf diese Weise erhielt ich vom Leben eine sehr praxisorientierte \u201eAusbildung mit hohem Selbsterfahrungsanteil\u201c in P\u00e4dagogik, Bindungspsychologie, systemischer Psychologie, Traumapsychologie, Paardynamiken, Spiritualit\u00e4t u.v.a.m. Zum Abschluss dieser \u201eAusbildung\u201c durfte ich Schritt f\u00fcr Schritt eine umf\u00e4ngliche Selbsttransformation erfahren, eine erstaunliche Entwicklung mit einem abschlie\u00dfenden Durchbruch zur Freiheit. Die endg\u00fcltige Wende kam nach der bewussten klaren Entscheidung, endg\u00fcltig die volle Verantwortung f\u00fcr mein \u201eJammertal des Opferbewusstseins\u201c zu \u00fcbernehmen und es endg\u00fcltig zu verlassen. Ich klopfte (MET\u00ae) unerm\u00fcdlich und konsequent, verarbeitete so belastende Gef\u00fchle und Glaubenss\u00e4tze, lud vertrauensvoll eine licht- und liebevolle Macht, die gr\u00f6\u00dfer ist als mein kleines Ich, ein und hielt st\u00e4ndig die Gewissheit wach, dass mein einziges Problem darin besteht, wie (negativ) ich die Dinge wahrnehme.<\/p>\n\n\n\n<p><\/p>\n\n\n\n<div class=\"wp-block-media-text alignwide has-media-on-the-right is-stacked-on-mobile is-vertically-aligned-top\" style=\"grid-template-columns:auto 36%\"><figure class=\"wp-block-media-text__media\"><img loading=\"lazy\" decoding=\"async\" width=\"440\" height=\"747\" src=\"https:\/\/angela-labus.de\/wp-content\/uploads\/2021\/05\/bluete2.jpg\" alt=\"\" class=\"wp-image-1575 size-full\" srcset=\"https:\/\/angela-labus.de\/wp-content\/uploads\/2021\/05\/bluete2.jpg 440w, https:\/\/angela-labus.de\/wp-content\/uploads\/2021\/05\/bluete2-177x300.jpg 177w, https:\/\/angela-labus.de\/wp-content\/uploads\/2021\/05\/bluete2-35x60.jpg 35w\" sizes=\"auto, (max-width: 440px) 100vw, 440px\" \/><\/figure><div class=\"wp-block-media-text__content\">\n<p>Die Reise geht immer weiter, jeden Tag darf ich dazu lernen, aber die Qual hat aufgeh\u00f6rt. Ich wei\u00df, was ich tun kann und darf(!), damit ich mich unabh\u00e4ngig von Bedingungen wohl f\u00fchle. Ich wei\u00df nun, wie ich meine Beziehungen gestalten kann, so dass sie gelingen: in Liebe Grenzen setzen, mit offenem Herzen zuh\u00f6ren, meine Bed\u00fcrfnisse ernst nehmen und f\u00fcr sie einstehen. Die Freiheit, zu tun, was ich will, Liebe, Freude, Lachen, Frieden mit mir selbst und Entspannung ziehen mehr und mehr in mein Leben ein. Mangel weicht einer inneren F\u00fclle.<br><br>F\u00fcr die Erl\u00f6sung aus meinem Teufelskreis und das neu geschenkte sch\u00f6ne und freie Leben, das ich jetzt f\u00fchre, f\u00fchle ich tiefe Dankbarkeit. Es erf\u00fcllt mich mit Freude, meine Erfahrungen und das so erworbene Wissen an andere Menschen weitergeben zu k\u00f6nnen. Auch ich finde bis heute immer wieder unverzichtbare Unterst\u00fctzung in dem, was andere \u00f6ffentlich zur Verf\u00fcgung stellen. Daf\u00fcr danke ich.<\/p>\n\n\n\n<p>Ich habe gelernt, nichts f\u00fcr unm\u00f6glich zu halten, und auch, dass ganz kleine Ver\u00e4nderungen so kostbar sein und so vieles in Bewegung bringen k\u00f6nnen.<\/p>\n\n\n\n<p>Ich konnte erfahren, dass ich selbst mein einziger Feind bin und dass in mir auch die Erl\u00f6sung liegt. Ich habe gelernt, dass es nie zu sp\u00e4t ist und tats\u00e4chlich auch irgendwann, dass das Leben sch\u00f6n ist und in seiner \u00fcppigen F\u00fclle auf mich wartet.<\/p>\n<\/div><\/div>\n\n\n\n<h2 class=\"has-text-align-center wp-block-heading\">Inspirationsquellen<\/h2>\n\n\n\n<p>Hier gebe ich Ihnen Quellen an, von denen ich selbst erheblich profitiert habe, und die ich in meine Arbeit immer wieder mit einbeziehe. Mir waren B\u00fccher die besten Lehrer und ich f\u00fchlte mich oft mit den Autoren aufs Tiefste verbunden. Ich bin sehr dankbar f\u00fcr die Unterst\u00fctzung, die ich von ihnen erfahren habe.<\/p>\n\n\n\n<div class=\"wp-block-media-text alignwide is-stacked-on-mobile is-vertically-aligned-top\" style=\"grid-template-columns:36% auto\"><figure class=\"wp-block-media-text__media\"><img loading=\"lazy\" decoding=\"async\" width=\"700\" height=\"1050\" src=\"https:\/\/angela-labus.de\/wp-content\/uploads\/2021\/05\/BlumeR-1-700x1050.jpg\" alt=\"\" class=\"wp-image-1883 size-full\" srcset=\"https:\/\/angela-labus.de\/wp-content\/uploads\/2021\/05\/BlumeR-1-700x1050.jpg 700w, https:\/\/angela-labus.de\/wp-content\/uploads\/2021\/05\/BlumeR-1-200x300.jpg 200w, https:\/\/angela-labus.de\/wp-content\/uploads\/2021\/05\/BlumeR-1-40x60.jpg 40w, https:\/\/angela-labus.de\/wp-content\/uploads\/2021\/05\/BlumeR-1.jpg 750w\" sizes=\"auto, (max-width: 700px) 100vw, 700px\" \/><\/figure><div class=\"wp-block-media-text__content\">\n<p class=\"has-text-align-center\"><br>Adyashanti<br>Eckhart Tolle<br>Byron Katie The Work<br>Chuck Spezzano<br>Jack Kornfield<br>David Hawkins<br>Kurs in Wundern<br>Spirituelle Astrologie<br>Human Design<br>Varda Hasselmann Archetypen der Seele<br>Rainer und Regina Franke MET<strong>\u00ae<\/strong><br>David Berceli TRE<strong>\u00ae<\/strong><br>Franz Ruppert Traumaaufstellungen<br>Carl Gustav Jung Archetypen<br>Dan Casriel Bondingpsychotherapie<br>12 Schritte Programm (anonyme Gruppen)<br>Haim Omer Neue Autorit\u00e4t<br>Brigitte Hannig Bindungsp\u00e4dagogik<\/p>\n<\/div><\/div>\n\n\n\n<div style=\"height:9px\" aria-hidden=\"true\" class=\"wp-block-spacer\"><\/div>\n\n\n\n<p><\/p>\n<\/div>\n<\/div>\n","protected":false},"excerpt":{"rendered":"<p>Wenn ich arbeite, bin ich mitLiebe und Engagement bei der Sache! Ich biete Ihnen durch meine Klarheit, mein Expertenwissen, meine eigene Krisenerfahrung, mein Verst\u00e4ndnis und meine Empathie Orientierung und einen bewussten Raum zur tiefen Kl\u00e4rung und schrittweisen \u00dcberwindung Ihrer inneren Stolpersteine, die zu Beziehungsproblemen, Problemen mit sich selbst und dem Leben gef\u00fchrt haben. Mein Ziel &hellip; <\/p>\n","protected":false},"author":1,"featured_media":0,"parent":0,"menu_order":0,"comment_status":"closed","ping_status":"closed","template":"","meta":{"footnotes":""},"class_list":["post-292","page","type-page","status-publish","hentry"],"yoast_head":"<!-- This site is optimized with the Yoast SEO plugin v16.9 - https:\/\/yoast.com\/wordpress\/plugins\/seo\/ -->\n<title>\u00dcber mich - Angela Labus<\/title>\n<meta name=\"description\" content=\"Onlinepsychologin, Therapie Online, per Video, Paartherapie, Klopftechniken, MET, TRE\" \/>\n<meta name=\"robots\" content=\"index, follow, max-snippet:-1, max-image-preview:large, max-video-preview:-1\" \/>\n<link rel=\"canonical\" href=\"https:\/\/angela-labus.de\/index.php\/uber-mich\/\" \/>\n<meta property=\"og:locale\" content=\"de_DE\" \/>\n<meta property=\"og:type\" content=\"article\" \/>\n<meta property=\"og:title\" content=\"\u00dcber mich - Angela Labus\" \/>\n<meta property=\"og:description\" content=\"Onlinepsychologin, Therapie Online, per Video, Paartherapie, Klopftechniken, MET, TRE\" \/>\n<meta property=\"og:url\" content=\"https:\/\/angela-labus.de\/index.php\/uber-mich\/\" \/>\n<meta property=\"og:site_name\" content=\"Angela Labus\" \/>\n<meta property=\"article:modified_time\" content=\"2022-02-24T20:12:35+00:00\" \/>\n<meta property=\"og:image\" content=\"https:\/\/angela-labus.de\/wp-content\/uploads\/2022\/02\/zugeschnitten-4-700x459.jpg\" \/>\n<meta name=\"twitter:card\" content=\"summary_large_image\" \/>\n<meta name=\"twitter:label1\" content=\"Gesch\u00e4tzte Lesezeit\" \/>\n\t<meta name=\"twitter:data1\" content=\"7\u00a0Minuten\" \/>\n<script type=\"application\/ld+json\" class=\"yoast-schema-graph\">{\"@context\":\"https:\/\/schema.org\",\"@graph\":[{\"@type\":[\"Person\",\"Organization\"],\"@id\":\"https:\/\/angela-labus.de\/#\/schema\/person\/91e65647448f60508914a21cd7da6cb0\",\"name\":\"admin\",\"image\":{\"@type\":\"ImageObject\",\"@id\":\"https:\/\/angela-labus.de\/#personlogo\",\"inLanguage\":\"de\",\"url\":\"https:\/\/angela-labus.de\/wp-content\/uploads\/2021\/05\/portrait.jpg\",\"contentUrl\":\"https:\/\/angela-labus.de\/wp-content\/uploads\/2021\/05\/portrait.jpg\",\"width\":1560,\"height\":2040,\"caption\":\"admin\"},\"logo\":{\"@id\":\"https:\/\/angela-labus.de\/#personlogo\"},\"sameAs\":[\"https:\/\/angela-labus.de\"]},{\"@type\":\"WebSite\",\"@id\":\"https:\/\/angela-labus.de\/#website\",\"url\":\"https:\/\/angela-labus.de\/\",\"name\":\"Angela Labus\",\"description\":\"Diplom-Psychologin Heilpraktikerin(Psychotherapie) Onlinepsychologin(per Video)\",\"publisher\":{\"@id\":\"https:\/\/angela-labus.de\/#\/schema\/person\/91e65647448f60508914a21cd7da6cb0\"},\"potentialAction\":[{\"@type\":\"SearchAction\",\"target\":{\"@type\":\"EntryPoint\",\"urlTemplate\":\"https:\/\/angela-labus.de\/?s={search_term_string}\"},\"query-input\":\"required name=search_term_string\"}],\"inLanguage\":\"de\"},{\"@type\":\"ImageObject\",\"@id\":\"https:\/\/angela-labus.de\/index.php\/uber-mich\/#primaryimage\",\"inLanguage\":\"de\",\"url\":\"https:\/\/angela-labus.de\/wp-content\/uploads\/2022\/02\/zugeschnitten-4.jpg\",\"contentUrl\":\"https:\/\/angela-labus.de\/wp-content\/uploads\/2022\/02\/zugeschnitten-4.jpg\",\"width\":2117,\"height\":1388},{\"@type\":\"WebPage\",\"@id\":\"https:\/\/angela-labus.de\/index.php\/uber-mich\/#webpage\",\"url\":\"https:\/\/angela-labus.de\/index.php\/uber-mich\/\",\"name\":\"\\u00dcber mich - Angela Labus\",\"isPartOf\":{\"@id\":\"https:\/\/angela-labus.de\/#website\"},\"primaryImageOfPage\":{\"@id\":\"https:\/\/angela-labus.de\/index.php\/uber-mich\/#primaryimage\"},\"datePublished\":\"2021-04-05T17:53:30+00:00\",\"dateModified\":\"2022-02-24T20:12:35+00:00\",\"description\":\"Onlinepsychologin, Therapie Online, per Video, Paartherapie, Klopftechniken, MET, TRE\",\"breadcrumb\":{\"@id\":\"https:\/\/angela-labus.de\/index.php\/uber-mich\/#breadcrumb\"},\"inLanguage\":\"de\",\"potentialAction\":[{\"@type\":\"ReadAction\",\"target\":[\"https:\/\/angela-labus.de\/index.php\/uber-mich\/\"]}]},{\"@type\":\"BreadcrumbList\",\"@id\":\"https:\/\/angela-labus.de\/index.php\/uber-mich\/#breadcrumb\",\"itemListElement\":[{\"@type\":\"ListItem\",\"position\":1,\"name\":\"Startseite\",\"item\":\"https:\/\/angela-labus.de\/\"},{\"@type\":\"ListItem\",\"position\":2,\"name\":\"\\u00dcber mich\"}]}]}<\/script>\n<!-- \/ Yoast SEO plugin. -->","yoast_head_json":{"title":"\u00dcber mich - Angela Labus","description":"Onlinepsychologin, Therapie Online, per Video, Paartherapie, Klopftechniken, MET, TRE","robots":{"index":"index","follow":"follow","max-snippet":"max-snippet:-1","max-image-preview":"max-image-preview:large","max-video-preview":"max-video-preview:-1"},"canonical":"https:\/\/angela-labus.de\/index.php\/uber-mich\/","og_locale":"de_DE","og_type":"article","og_title":"\u00dcber mich - Angela Labus","og_description":"Onlinepsychologin, Therapie Online, per Video, Paartherapie, Klopftechniken, MET, TRE","og_url":"https:\/\/angela-labus.de\/index.php\/uber-mich\/","og_site_name":"Angela Labus","article_modified_time":"2022-02-24T20:12:35+00:00","og_image":[{"url":"https:\/\/angela-labus.de\/wp-content\/uploads\/2022\/02\/zugeschnitten-4-700x459.jpg"}],"twitter_card":"summary_large_image","twitter_misc":{"Gesch\u00e4tzte Lesezeit":"7\u00a0Minuten"},"schema":{"@context":"https:\/\/schema.org","@graph":[{"@type":["Person","Organization"],"@id":"https:\/\/angela-labus.de\/#\/schema\/person\/91e65647448f60508914a21cd7da6cb0","name":"admin","image":{"@type":"ImageObject","@id":"https:\/\/angela-labus.de\/#personlogo","inLanguage":"de","url":"https:\/\/angela-labus.de\/wp-content\/uploads\/2021\/05\/portrait.jpg","contentUrl":"https:\/\/angela-labus.de\/wp-content\/uploads\/2021\/05\/portrait.jpg","width":1560,"height":2040,"caption":"admin"},"logo":{"@id":"https:\/\/angela-labus.de\/#personlogo"},"sameAs":["https:\/\/angela-labus.de"]},{"@type":"WebSite","@id":"https:\/\/angela-labus.de\/#website","url":"https:\/\/angela-labus.de\/","name":"Angela Labus","description":"Diplom-Psychologin Heilpraktikerin(Psychotherapie) Onlinepsychologin(per Video)","publisher":{"@id":"https:\/\/angela-labus.de\/#\/schema\/person\/91e65647448f60508914a21cd7da6cb0"},"potentialAction":[{"@type":"SearchAction","target":{"@type":"EntryPoint","urlTemplate":"https:\/\/angela-labus.de\/?s={search_term_string}"},"query-input":"required name=search_term_string"}],"inLanguage":"de"},{"@type":"ImageObject","@id":"https:\/\/angela-labus.de\/index.php\/uber-mich\/#primaryimage","inLanguage":"de","url":"https:\/\/angela-labus.de\/wp-content\/uploads\/2022\/02\/zugeschnitten-4.jpg","contentUrl":"https:\/\/angela-labus.de\/wp-content\/uploads\/2022\/02\/zugeschnitten-4.jpg","width":2117,"height":1388},{"@type":"WebPage","@id":"https:\/\/angela-labus.de\/index.php\/uber-mich\/#webpage","url":"https:\/\/angela-labus.de\/index.php\/uber-mich\/","name":"\u00dcber mich - Angela Labus","isPartOf":{"@id":"https:\/\/angela-labus.de\/#website"},"primaryImageOfPage":{"@id":"https:\/\/angela-labus.de\/index.php\/uber-mich\/#primaryimage"},"datePublished":"2021-04-05T17:53:30+00:00","dateModified":"2022-02-24T20:12:35+00:00","description":"Onlinepsychologin, Therapie Online, per Video, Paartherapie, Klopftechniken, MET, TRE","breadcrumb":{"@id":"https:\/\/angela-labus.de\/index.php\/uber-mich\/#breadcrumb"},"inLanguage":"de","potentialAction":[{"@type":"ReadAction","target":["https:\/\/angela-labus.de\/index.php\/uber-mich\/"]}]},{"@type":"BreadcrumbList","@id":"https:\/\/angela-labus.de\/index.php\/uber-mich\/#breadcrumb","itemListElement":[{"@type":"ListItem","position":1,"name":"Startseite","item":"https:\/\/angela-labus.de\/"},{"@type":"ListItem","position":2,"name":"\u00dcber mich"}]}]}},"_links":{"self":[{"href":"https:\/\/angela-labus.de\/index.php\/wp-json\/wp\/v2\/pages\/292","targetHints":{"allow":["GET"]}}],"collection":[{"href":"https:\/\/angela-labus.de\/index.php\/wp-json\/wp\/v2\/pages"}],"about":[{"href":"https:\/\/angela-labus.de\/index.php\/wp-json\/wp\/v2\/types\/page"}],"author":[{"embeddable":true,"href":"https:\/\/angela-labus.de\/index.php\/wp-json\/wp\/v2\/users\/1"}],"replies":[{"embeddable":true,"href":"https:\/\/angela-labus.de\/index.php\/wp-json\/wp\/v2\/comments?post=292"}],"version-history":[{"count":86,"href":"https:\/\/angela-labus.de\/index.php\/wp-json\/wp\/v2\/pages\/292\/revisions"}],"predecessor-version":[{"id":3237,"href":"https:\/\/angela-labus.de\/index.php\/wp-json\/wp\/v2\/pages\/292\/revisions\/3237"}],"wp:attachment":[{"href":"https:\/\/angela-labus.de\/index.php\/wp-json\/wp\/v2\/media?parent=292"}],"curies":[{"name":"wp","href":"https:\/\/api.w.org\/{rel}","templated":true}]}}