{"id":115,"date":"2021-03-13T19:56:56","date_gmt":"2021-03-13T18:56:56","guid":{"rendered":"https:\/\/angelabarbara11.wordpress.com\/?page_id=115"},"modified":"2021-07-12T19:29:14","modified_gmt":"2021-07-12T19:29:14","slug":"automatisch-gespeicherter-entwurf","status":"publish","type":"page","link":"https:\/\/angela-labus.de\/index.php\/automatisch-gespeicherter-entwurf\/","title":{"rendered":"Datenschutzerkl\u00e4rung"},"content":{"rendered":"\n<div class=\"wp-block-columns are-vertically-aligned-center is-layout-flex wp-container-core-columns-is-layout-9d6595d7 wp-block-columns-is-layout-flex\">\n<div class=\"wp-block-column is-vertically-aligned-center is-layout-flow wp-block-column-is-layout-flow\" style=\"flex-basis:100%\">\n<p>Der Schutz Ihrer pers\u00f6nlichen Daten ist mir sehr wichtig. Ich behandle Ihre personenbezogenen Daten vertraulich und entsprechend den gesetzlichen Datenschutzvorschriften sowie dieser Datenschutzerkl\u00e4rung.<br>Die Nutzung meiner Internetseite erfolgt ohne die Angabe personenbezogener Daten. Hier finden keine Cookies\u00a0 Anwendung. Falls Sie per Email mit mir Kontakt aufnehmen, weise ich darauf hin, dass es f\u00fcr diese Art der Daten\u00fcbermittlung im Internet keine wirkliche Sicherheit gibt.<br>Bei Anfragen per Email oder Telefon speichere ich Ihre Kontaktdaten zur Beantwortung Ihrer Anfrage und f\u00fcr Anschlussfragen. Ich gebe diese Daten ohne Ihre ausdr\u00fcckliche Einwilligung, die Sie jederzeit widerrufen k\u00f6nnen, nicht an Dritte weiter.<br><br><strong>Server-Log-Files<\/strong><br>Der Provider der Seiten erhebt und speichert automatisch Informationen in so genannten Server-Log Files, die Ihr Browser automatisch an uns \u00fcbermittelt. Dies sind:<br>Browsertyp\/ Browserversion<br>verwendetes Betriebssystem<br>Referrer URL<br>Hostname des zugreifenden Rechners<br>Uhrzeit der Serveranfrage<br>Diese Daten k\u00f6nnen nicht bestimmten Personen zugeordnet werden. Eine Zusammenf\u00fchrung dieser Daten mit anderen Datenquellen wird nicht vorgenommen. Ich behalte mir vor, diese Daten nachtr\u00e4glich zu pr\u00fcfen, wenn mir konkrete Anhaltspunkte f\u00fcr eine rechtswidrige Nutzung bekannt werden.<br>Die Datenschutzvereinbarung meiner Praxis nach der Datenschutz-Grundverordnung (DSGVO)\u00a0finden Sie <a href=\"\/wp-content\/uploads\/2021\/06\/Praxis-Datenschutzerklaerung.pdf\" target=\"_blank\" rel=\"noreferrer noopener\">hier<\/a>.<\/p>\n<\/div>\n<\/div>\n","protected":false},"excerpt":{"rendered":"<p>Der Schutz Ihrer pers\u00f6nlichen Daten ist mir sehr wichtig. Ich behandle Ihre personenbezogenen Daten vertraulich und entsprechend den gesetzlichen Datenschutzvorschriften sowie dieser Datenschutzerkl\u00e4rung.Die Nutzung meiner Internetseite erfolgt ohne die Angabe personenbezogener Daten. Hier finden keine Cookies\u00a0 Anwendung. Falls Sie per Email mit mir Kontakt aufnehmen, weise ich darauf hin, dass es f\u00fcr diese Art der &hellip; <\/p>\n","protected":false},"author":1,"featured_media":0,"parent":0,"menu_order":0,"comment_status":"closed","ping_status":"closed","template":"","meta":{"footnotes":""},"class_list":["post-115","page","type-page","status-publish","hentry"],"yoast_head":"<!-- This site is optimized with the Yoast SEO plugin v16.9 - https:\/\/yoast.com\/wordpress\/plugins\/seo\/ -->\n<title>Datenschutzerkl\u00e4rung - Angela Labus<\/title>\n<meta name=\"description\" content=\"Onlinepsychologin, Therapie Online, per Video, Paartherapie, Klopftechniken, MET, TRE\" \/>\n<meta name=\"robots\" content=\"index, follow, max-snippet:-1, max-image-preview:large, max-video-preview:-1\" \/>\n<link rel=\"canonical\" href=\"https:\/\/angela-labus.de\/index.php\/automatisch-gespeicherter-entwurf\/\" \/>\n<meta property=\"og:locale\" content=\"de_DE\" \/>\n<meta property=\"og:type\" content=\"article\" \/>\n<meta property=\"og:title\" content=\"Datenschutzerkl\u00e4rung - Angela Labus\" \/>\n<meta property=\"og:description\" content=\"Onlinepsychologin, Therapie Online, per Video, Paartherapie, Klopftechniken, MET, TRE\" \/>\n<meta property=\"og:url\" content=\"https:\/\/angela-labus.de\/index.php\/automatisch-gespeicherter-entwurf\/\" \/>\n<meta property=\"og:site_name\" content=\"Angela Labus\" \/>\n<meta property=\"article:modified_time\" content=\"2021-07-12T19:29:14+00:00\" \/>\n<meta name=\"twitter:card\" content=\"summary_large_image\" \/>\n<meta name=\"twitter:label1\" content=\"Gesch\u00e4tzte Lesezeit\" \/>\n\t<meta name=\"twitter:data1\" content=\"1\u00a0Minute\" \/>\n<script type=\"application\/ld+json\" class=\"yoast-schema-graph\">{\"@context\":\"https:\/\/schema.org\",\"@graph\":[{\"@type\":[\"Person\",\"Organization\"],\"@id\":\"https:\/\/angela-labus.de\/#\/schema\/person\/91e65647448f60508914a21cd7da6cb0\",\"name\":\"admin\",\"image\":{\"@type\":\"ImageObject\",\"@id\":\"https:\/\/angela-labus.de\/#personlogo\",\"inLanguage\":\"de\",\"url\":\"https:\/\/angela-labus.de\/wp-content\/uploads\/2021\/05\/portrait.jpg\",\"contentUrl\":\"https:\/\/angela-labus.de\/wp-content\/uploads\/2021\/05\/portrait.jpg\",\"width\":1560,\"height\":2040,\"caption\":\"admin\"},\"logo\":{\"@id\":\"https:\/\/angela-labus.de\/#personlogo\"},\"sameAs\":[\"https:\/\/angela-labus.de\"]},{\"@type\":\"WebSite\",\"@id\":\"https:\/\/angela-labus.de\/#website\",\"url\":\"https:\/\/angela-labus.de\/\",\"name\":\"Angela Labus\",\"description\":\"Diplom-Psychologin Heilpraktikerin(Psychotherapie) Onlinepsychologin(per Video)\",\"publisher\":{\"@id\":\"https:\/\/angela-labus.de\/#\/schema\/person\/91e65647448f60508914a21cd7da6cb0\"},\"potentialAction\":[{\"@type\":\"SearchAction\",\"target\":{\"@type\":\"EntryPoint\",\"urlTemplate\":\"https:\/\/angela-labus.de\/?s={search_term_string}\"},\"query-input\":\"required name=search_term_string\"}],\"inLanguage\":\"de\"},{\"@type\":\"WebPage\",\"@id\":\"https:\/\/angela-labus.de\/index.php\/automatisch-gespeicherter-entwurf\/#webpage\",\"url\":\"https:\/\/angela-labus.de\/index.php\/automatisch-gespeicherter-entwurf\/\",\"name\":\"Datenschutzerkl\\u00e4rung - Angela Labus\",\"isPartOf\":{\"@id\":\"https:\/\/angela-labus.de\/#website\"},\"datePublished\":\"2021-03-13T18:56:56+00:00\",\"dateModified\":\"2021-07-12T19:29:14+00:00\",\"description\":\"Onlinepsychologin, Therapie Online, per Video, Paartherapie, Klopftechniken, MET, TRE\",\"breadcrumb\":{\"@id\":\"https:\/\/angela-labus.de\/index.php\/automatisch-gespeicherter-entwurf\/#breadcrumb\"},\"inLanguage\":\"de\",\"potentialAction\":[{\"@type\":\"ReadAction\",\"target\":[\"https:\/\/angela-labus.de\/index.php\/automatisch-gespeicherter-entwurf\/\"]}]},{\"@type\":\"BreadcrumbList\",\"@id\":\"https:\/\/angela-labus.de\/index.php\/automatisch-gespeicherter-entwurf\/#breadcrumb\",\"itemListElement\":[{\"@type\":\"ListItem\",\"position\":1,\"name\":\"Startseite\",\"item\":\"https:\/\/angela-labus.de\/\"},{\"@type\":\"ListItem\",\"position\":2,\"name\":\"Datenschutzerkl\\u00e4rung\"}]}]}<\/script>\n<!-- \/ Yoast SEO plugin. -->","yoast_head_json":{"title":"Datenschutzerkl\u00e4rung - Angela Labus","description":"Onlinepsychologin, Therapie Online, per Video, Paartherapie, Klopftechniken, MET, TRE","robots":{"index":"index","follow":"follow","max-snippet":"max-snippet:-1","max-image-preview":"max-image-preview:large","max-video-preview":"max-video-preview:-1"},"canonical":"https:\/\/angela-labus.de\/index.php\/automatisch-gespeicherter-entwurf\/","og_locale":"de_DE","og_type":"article","og_title":"Datenschutzerkl\u00e4rung - Angela Labus","og_description":"Onlinepsychologin, Therapie Online, per Video, Paartherapie, Klopftechniken, MET, TRE","og_url":"https:\/\/angela-labus.de\/index.php\/automatisch-gespeicherter-entwurf\/","og_site_name":"Angela Labus","article_modified_time":"2021-07-12T19:29:14+00:00","twitter_card":"summary_large_image","twitter_misc":{"Gesch\u00e4tzte Lesezeit":"1\u00a0Minute"},"schema":{"@context":"https:\/\/schema.org","@graph":[{"@type":["Person","Organization"],"@id":"https:\/\/angela-labus.de\/#\/schema\/person\/91e65647448f60508914a21cd7da6cb0","name":"admin","image":{"@type":"ImageObject","@id":"https:\/\/angela-labus.de\/#personlogo","inLanguage":"de","url":"https:\/\/angela-labus.de\/wp-content\/uploads\/2021\/05\/portrait.jpg","contentUrl":"https:\/\/angela-labus.de\/wp-content\/uploads\/2021\/05\/portrait.jpg","width":1560,"height":2040,"caption":"admin"},"logo":{"@id":"https:\/\/angela-labus.de\/#personlogo"},"sameAs":["https:\/\/angela-labus.de"]},{"@type":"WebSite","@id":"https:\/\/angela-labus.de\/#website","url":"https:\/\/angela-labus.de\/","name":"Angela Labus","description":"Diplom-Psychologin Heilpraktikerin(Psychotherapie) Onlinepsychologin(per Video)","publisher":{"@id":"https:\/\/angela-labus.de\/#\/schema\/person\/91e65647448f60508914a21cd7da6cb0"},"potentialAction":[{"@type":"SearchAction","target":{"@type":"EntryPoint","urlTemplate":"https:\/\/angela-labus.de\/?s={search_term_string}"},"query-input":"required name=search_term_string"}],"inLanguage":"de"},{"@type":"WebPage","@id":"https:\/\/angela-labus.de\/index.php\/automatisch-gespeicherter-entwurf\/#webpage","url":"https:\/\/angela-labus.de\/index.php\/automatisch-gespeicherter-entwurf\/","name":"Datenschutzerkl\u00e4rung - Angela Labus","isPartOf":{"@id":"https:\/\/angela-labus.de\/#website"},"datePublished":"2021-03-13T18:56:56+00:00","dateModified":"2021-07-12T19:29:14+00:00","description":"Onlinepsychologin, Therapie Online, per Video, Paartherapie, Klopftechniken, MET, TRE","breadcrumb":{"@id":"https:\/\/angela-labus.de\/index.php\/automatisch-gespeicherter-entwurf\/#breadcrumb"},"inLanguage":"de","potentialAction":[{"@type":"ReadAction","target":["https:\/\/angela-labus.de\/index.php\/automatisch-gespeicherter-entwurf\/"]}]},{"@type":"BreadcrumbList","@id":"https:\/\/angela-labus.de\/index.php\/automatisch-gespeicherter-entwurf\/#breadcrumb","itemListElement":[{"@type":"ListItem","position":1,"name":"Startseite","item":"https:\/\/angela-labus.de\/"},{"@type":"ListItem","position":2,"name":"Datenschutzerkl\u00e4rung"}]}]}},"_links":{"self":[{"href":"https:\/\/angela-labus.de\/index.php\/wp-json\/wp\/v2\/pages\/115","targetHints":{"allow":["GET"]}}],"collection":[{"href":"https:\/\/angela-labus.de\/index.php\/wp-json\/wp\/v2\/pages"}],"about":[{"href":"https:\/\/angela-labus.de\/index.php\/wp-json\/wp\/v2\/types\/page"}],"author":[{"embeddable":true,"href":"https:\/\/angela-labus.de\/index.php\/wp-json\/wp\/v2\/users\/1"}],"replies":[{"embeddable":true,"href":"https:\/\/angela-labus.de\/index.php\/wp-json\/wp\/v2\/comments?post=115"}],"version-history":[{"count":4,"href":"https:\/\/angela-labus.de\/index.php\/wp-json\/wp\/v2\/pages\/115\/revisions"}],"predecessor-version":[{"id":2801,"href":"https:\/\/angela-labus.de\/index.php\/wp-json\/wp\/v2\/pages\/115\/revisions\/2801"}],"wp:attachment":[{"href":"https:\/\/angela-labus.de\/index.php\/wp-json\/wp\/v2\/media?parent=115"}],"curies":[{"name":"wp","href":"https:\/\/api.w.org\/{rel}","templated":true}]}}